{"id":4937,"date":"2023-08-28T06:39:05","date_gmt":"2023-08-28T06:39:05","guid":{"rendered":"https:\/\/anthemaspirits.com\/product\/ortolan-blanc-blanc-blanche-darmagnac\/"},"modified":"2025-07-21T13:24:03","modified_gmt":"2025-07-21T13:24:03","slug":"anthema-blanc-blanche-darmagnac","status":"publish","type":"product","link":"https:\/\/anthemaspirits.com\/fr\/produit\/anthema-blanc-blanche-darmagnac\/","title":{"rendered":"Anthema Blanc (Blanche d\u2019Armagnac)"},"content":{"rendered":"<p>Nous voulions vous transporter \u00e0 Loubersan un matin de printemps, quand le fond de l\u2019air est encore frais mais que les premi\u00e8res fleurs sortent de leur torpeur hivernale. Pr\u00e9cis et vivace, cette expression singuli\u00e8re de notre terroir peut se d\u00e9guster frapp\u00e9e ou en cocktail, parfaite en Armatonic ou pour revisiter un Martini ou Daiquiri.<\/p>\n","protected":false},"excerpt":{"rendered":"<p>Nous voulions vous transporter \u00e0 Loubersan un matin de printemps, quand le fond de l\u2019air est encore frais mais que les premi\u00e8res fleurs sortent de leur torpeur hivernale. Pr\u00e9cis et vivace, cette expression singuli\u00e8re de notre terroir peut se d\u00e9guster frapp\u00e9e ou en cocktail, parfaite en Armatonic ou pour revisiter un Martini ou Daiquiri.<\/p>\n","protected":false},"featured_media":14877,"comment_status":"open","ping_status":"closed","template":"","meta":[],"product_brand":[],"product_cat":[45],"product_tag":[],"class_list":{"0":"post-4937","1":"product","2":"type-product","3":"status-publish","4":"has-post-thumbnail","6":"product_cat-cocktails-fr","8":"first","9":"instock","10":"taxable","11":"shipping-taxable","12":"purchasable","13":"product-type-simple"},"yoast_head":"<!-- This site is optimized with the Yoast SEO plugin v27.4 - https:\/\/yoast.com\/product\/yoast-seo-wordpress\/ -->\n<title>Anthema Blanc (Blanche d\u2019Armagnac) - Anthema Spirits<\/title>\n<meta name=\"robots\" content=\"noindex, follow, max-snippet:-1, max-image-preview:large, max-video-preview:-1\" \/>\n<meta property=\"og:locale\" content=\"fr_FR\" \/>\n<meta property=\"og:type\" content=\"article\" \/>\n<meta property=\"og:title\" content=\"Anthema Blanc (Blanche d\u2019Armagnac) - Anthema Spirits\" \/>\n<meta property=\"og:description\" content=\"Nous voulions vous transporter \u00e0 Loubersan un matin de printemps, quand le fond de l\u2019air est encore frais mais que les premi\u00e8res fleurs sortent de leur torpeur hivernale. Pr\u00e9cis et vivace, cette expression singuli\u00e8re de notre terroir peut se d\u00e9guster frapp\u00e9e ou en cocktail, parfaite en Armatonic ou pour revisiter un Martini ou Daiquiri.\" \/>\n<meta property=\"og:url\" content=\"https:\/\/anthemaspirits.com\/fr\/produit\/anthema-blanc-blanche-darmagnac\/\" \/>\n<meta property=\"og:site_name\" content=\"Anthema Spirits\" \/>\n<meta property=\"article:modified_time\" content=\"2025-07-21T13:24:03+00:00\" \/>\n<meta property=\"og:image\" content=\"https:\/\/anthemaspirits.com\/wp-content\/uploads\/image-19-1.png\" \/>\n\t<meta property=\"og:image:width\" content=\"454\" \/>\n\t<meta property=\"og:image:height\" content=\"685\" \/>\n\t<meta property=\"og:image:type\" content=\"image\/png\" \/>\n<meta name=\"twitter:card\" content=\"summary_large_image\" \/>\n<meta name=\"twitter:label1\" content=\"Dur\u00e9e de lecture estim\u00e9e\" \/>\n\t<meta name=\"twitter:data1\" content=\"1 minute\" \/>\n<script type=\"application\/ld+json\" class=\"yoast-schema-graph\">{\"@context\":\"https:\\\/\\\/schema.org\",\"@graph\":[{\"@type\":\"WebPage\",\"@id\":\"https:\\\/\\\/anthemaspirits.com\\\/fr\\\/produit\\\/anthema-blanc-blanche-darmagnac\\\/\",\"url\":\"https:\\\/\\\/anthemaspirits.com\\\/fr\\\/produit\\\/anthema-blanc-blanche-darmagnac\\\/\",\"name\":\"Anthema Blanc (Blanche d\u2019Armagnac) - Anthema Spirits\",\"isPartOf\":{\"@id\":\"https:\\\/\\\/anthemaspirits.com\\\/#website\"},\"primaryImageOfPage\":{\"@id\":\"https:\\\/\\\/anthemaspirits.com\\\/fr\\\/produit\\\/anthema-blanc-blanche-darmagnac\\\/#primaryimage\"},\"image\":{\"@id\":\"https:\\\/\\\/anthemaspirits.com\\\/fr\\\/produit\\\/anthema-blanc-blanche-darmagnac\\\/#primaryimage\"},\"thumbnailUrl\":\"https:\\\/\\\/anthemaspirits.com\\\/wp-content\\\/uploads\\\/image-19-1.png\",\"datePublished\":\"2023-08-28T06:39:05+00:00\",\"dateModified\":\"2025-07-21T13:24:03+00:00\",\"breadcrumb\":{\"@id\":\"https:\\\/\\\/anthemaspirits.com\\\/fr\\\/produit\\\/anthema-blanc-blanche-darmagnac\\\/#breadcrumb\"},\"inLanguage\":\"fr-FR\",\"potentialAction\":[{\"@type\":\"ReadAction\",\"target\":[\"https:\\\/\\\/anthemaspirits.com\\\/fr\\\/produit\\\/anthema-blanc-blanche-darmagnac\\\/\"]}]},{\"@type\":\"ImageObject\",\"inLanguage\":\"fr-FR\",\"@id\":\"https:\\\/\\\/anthemaspirits.com\\\/fr\\\/produit\\\/anthema-blanc-blanche-darmagnac\\\/#primaryimage\",\"url\":\"https:\\\/\\\/anthemaspirits.com\\\/wp-content\\\/uploads\\\/image-19-1.png\",\"contentUrl\":\"https:\\\/\\\/anthemaspirits.com\\\/wp-content\\\/uploads\\\/image-19-1.png\",\"width\":454,\"height\":685},{\"@type\":\"BreadcrumbList\",\"@id\":\"https:\\\/\\\/anthemaspirits.com\\\/fr\\\/produit\\\/anthema-blanc-blanche-darmagnac\\\/#breadcrumb\",\"itemListElement\":[{\"@type\":\"ListItem\",\"position\":1,\"name\":\"Home\",\"item\":\"https:\\\/\\\/anthemaspirits.com\\\/fr\\\/\"},{\"@type\":\"ListItem\",\"position\":2,\"name\":\"CATALOGUE\",\"item\":\"https:\\\/\\\/anthemaspirits.com\\\/catalogue-2\\\/\"},{\"@type\":\"ListItem\",\"position\":3,\"name\":\"Anthema Blanc (Blanche d\u2019Armagnac)\"}]},{\"@type\":\"WebSite\",\"@id\":\"https:\\\/\\\/anthemaspirits.com\\\/#website\",\"url\":\"https:\\\/\\\/anthemaspirits.com\\\/\",\"name\":\"Anthema Spirits\",\"description\":\"\",\"publisher\":{\"@id\":\"https:\\\/\\\/anthemaspirits.com\\\/#organization\"},\"potentialAction\":[{\"@type\":\"SearchAction\",\"target\":{\"@type\":\"EntryPoint\",\"urlTemplate\":\"https:\\\/\\\/anthemaspirits.com\\\/?s={search_term_string}\"},\"query-input\":{\"@type\":\"PropertyValueSpecification\",\"valueRequired\":true,\"valueName\":\"search_term_string\"}}],\"inLanguage\":\"fr-FR\"},{\"@type\":\"Organization\",\"@id\":\"https:\\\/\\\/anthemaspirits.com\\\/#organization\",\"name\":\"Anthema Spirits\",\"url\":\"https:\\\/\\\/anthemaspirits.com\\\/\",\"logo\":{\"@type\":\"ImageObject\",\"inLanguage\":\"fr-FR\",\"@id\":\"https:\\\/\\\/anthemaspirits.com\\\/#\\\/schema\\\/logo\\\/image\\\/\",\"url\":\"https:\\\/\\\/anthemaspirits.com\\\/wp-content\\\/uploads\\\/image-2-1.png\",\"contentUrl\":\"https:\\\/\\\/anthemaspirits.com\\\/wp-content\\\/uploads\\\/image-2-1.png\",\"width\":351,\"height\":495,\"caption\":\"Anthema Spirits\"},\"image\":{\"@id\":\"https:\\\/\\\/anthemaspirits.com\\\/#\\\/schema\\\/logo\\\/image\\\/\"}}]}<\/script>\n<!-- \/ Yoast SEO plugin. -->","yoast_head_json":{"title":"Anthema Blanc (Blanche d\u2019Armagnac) - Anthema Spirits","robots":{"index":"noindex","follow":"follow","max-snippet":"max-snippet:-1","max-image-preview":"max-image-preview:large","max-video-preview":"max-video-preview:-1"},"og_locale":"fr_FR","og_type":"article","og_title":"Anthema Blanc (Blanche d\u2019Armagnac) - Anthema Spirits","og_description":"Nous voulions vous transporter \u00e0 Loubersan un matin de printemps, quand le fond de l\u2019air est encore frais mais que les premi\u00e8res fleurs sortent de leur torpeur hivernale. Pr\u00e9cis et vivace, cette expression singuli\u00e8re de notre terroir peut se d\u00e9guster frapp\u00e9e ou en cocktail, parfaite en Armatonic ou pour revisiter un Martini ou Daiquiri.","og_url":"https:\/\/anthemaspirits.com\/fr\/produit\/anthema-blanc-blanche-darmagnac\/","og_site_name":"Anthema Spirits","article_modified_time":"2025-07-21T13:24:03+00:00","og_image":[{"width":454,"height":685,"url":"https:\/\/anthemaspirits.com\/wp-content\/uploads\/image-19-1.png","type":"image\/png"}],"twitter_card":"summary_large_image","twitter_misc":{"Dur\u00e9e de lecture estim\u00e9e":"1 minute"},"schema":{"@context":"https:\/\/schema.org","@graph":[{"@type":"WebPage","@id":"https:\/\/anthemaspirits.com\/fr\/produit\/anthema-blanc-blanche-darmagnac\/","url":"https:\/\/anthemaspirits.com\/fr\/produit\/anthema-blanc-blanche-darmagnac\/","name":"Anthema Blanc (Blanche d\u2019Armagnac) - Anthema Spirits","isPartOf":{"@id":"https:\/\/anthemaspirits.com\/#website"},"primaryImageOfPage":{"@id":"https:\/\/anthemaspirits.com\/fr\/produit\/anthema-blanc-blanche-darmagnac\/#primaryimage"},"image":{"@id":"https:\/\/anthemaspirits.com\/fr\/produit\/anthema-blanc-blanche-darmagnac\/#primaryimage"},"thumbnailUrl":"https:\/\/anthemaspirits.com\/wp-content\/uploads\/image-19-1.png","datePublished":"2023-08-28T06:39:05+00:00","dateModified":"2025-07-21T13:24:03+00:00","breadcrumb":{"@id":"https:\/\/anthemaspirits.com\/fr\/produit\/anthema-blanc-blanche-darmagnac\/#breadcrumb"},"inLanguage":"fr-FR","potentialAction":[{"@type":"ReadAction","target":["https:\/\/anthemaspirits.com\/fr\/produit\/anthema-blanc-blanche-darmagnac\/"]}]},{"@type":"ImageObject","inLanguage":"fr-FR","@id":"https:\/\/anthemaspirits.com\/fr\/produit\/anthema-blanc-blanche-darmagnac\/#primaryimage","url":"https:\/\/anthemaspirits.com\/wp-content\/uploads\/image-19-1.png","contentUrl":"https:\/\/anthemaspirits.com\/wp-content\/uploads\/image-19-1.png","width":454,"height":685},{"@type":"BreadcrumbList","@id":"https:\/\/anthemaspirits.com\/fr\/produit\/anthema-blanc-blanche-darmagnac\/#breadcrumb","itemListElement":[{"@type":"ListItem","position":1,"name":"Home","item":"https:\/\/anthemaspirits.com\/fr\/"},{"@type":"ListItem","position":2,"name":"CATALOGUE","item":"https:\/\/anthemaspirits.com\/catalogue-2\/"},{"@type":"ListItem","position":3,"name":"Anthema Blanc (Blanche d\u2019Armagnac)"}]},{"@type":"WebSite","@id":"https:\/\/anthemaspirits.com\/#website","url":"https:\/\/anthemaspirits.com\/","name":"Anthema Spirits","description":"","publisher":{"@id":"https:\/\/anthemaspirits.com\/#organization"},"potentialAction":[{"@type":"SearchAction","target":{"@type":"EntryPoint","urlTemplate":"https:\/\/anthemaspirits.com\/?s={search_term_string}"},"query-input":{"@type":"PropertyValueSpecification","valueRequired":true,"valueName":"search_term_string"}}],"inLanguage":"fr-FR"},{"@type":"Organization","@id":"https:\/\/anthemaspirits.com\/#organization","name":"Anthema Spirits","url":"https:\/\/anthemaspirits.com\/","logo":{"@type":"ImageObject","inLanguage":"fr-FR","@id":"https:\/\/anthemaspirits.com\/#\/schema\/logo\/image\/","url":"https:\/\/anthemaspirits.com\/wp-content\/uploads\/image-2-1.png","contentUrl":"https:\/\/anthemaspirits.com\/wp-content\/uploads\/image-2-1.png","width":351,"height":495,"caption":"Anthema Spirits"},"image":{"@id":"https:\/\/anthemaspirits.com\/#\/schema\/logo\/image\/"}}]}},"_links":{"self":[{"href":"https:\/\/anthemaspirits.com\/fr\/wp-json\/wp\/v2\/product\/4937","targetHints":{"allow":["GET"]}}],"collection":[{"href":"https:\/\/anthemaspirits.com\/fr\/wp-json\/wp\/v2\/product"}],"about":[{"href":"https:\/\/anthemaspirits.com\/fr\/wp-json\/wp\/v2\/types\/product"}],"replies":[{"embeddable":true,"href":"https:\/\/anthemaspirits.com\/fr\/wp-json\/wp\/v2\/comments?post=4937"}],"wp:featuredmedia":[{"embeddable":true,"href":"https:\/\/anthemaspirits.com\/fr\/wp-json\/wp\/v2\/media\/14877"}],"wp:attachment":[{"href":"https:\/\/anthemaspirits.com\/fr\/wp-json\/wp\/v2\/media?parent=4937"}],"wp:term":[{"taxonomy":"product_brand","embeddable":true,"href":"https:\/\/anthemaspirits.com\/fr\/wp-json\/wp\/v2\/product_brand?post=4937"},{"taxonomy":"product_cat","embeddable":true,"href":"https:\/\/anthemaspirits.com\/fr\/wp-json\/wp\/v2\/product_cat?post=4937"},{"taxonomy":"product_tag","embeddable":true,"href":"https:\/\/anthemaspirits.com\/fr\/wp-json\/wp\/v2\/product_tag?post=4937"}],"curies":[{"name":"wp","href":"https:\/\/api.w.org\/{rel}","templated":true}]}}