{"id":4935,"date":"2023-08-28T06:53:19","date_gmt":"2023-08-28T06:53:19","guid":{"rendered":"https:\/\/anthemaspirits.com\/product\/ortolan-de-gueules-rouge-vsop\/"},"modified":"2025-07-31T14:15:28","modified_gmt":"2025-07-31T14:15:28","slug":"anthema-de-gueules-rouge-vsop","status":"publish","type":"product","link":"https:\/\/anthemaspirits.com\/fr\/produit\/anthema-de-gueules-rouge-vsop\/","title":{"rendered":"Anthema Gueules (Rouge \/ VSOP)"},"content":{"rendered":"<p>Fier de ses origines gasconnes, notre VSOP est l\u2019indispensable compagnon de nos r\u00e9unions de famille et le h\u00e9raut de notre maison. D\u00e9licieusement rond et \u00e9pic\u00e9, sa complexit\u00e9 en fait un spiritueux parfait en toutes occasions. Sec, ou assorti \u00e0 un plat, nous en avons toujours une bouteille sous la main.<\/p>\n","protected":false},"excerpt":{"rendered":"<p>Fier de ses origines gasconnes, notre VSOP est l\u2019indispensable compagnon de nos r\u00e9unions de famille et le h\u00e9raut de notre maison. Floral par dessein, sa complexit\u00e9 en fait un spiritueux parfait en toutes occasions. Sec, ou assorti \u00e0 un plat, nous en avons toujours une bouteille sous la main.<\/p>\n","protected":false},"featured_media":14853,"comment_status":"open","ping_status":"closed","template":"","meta":[],"product_brand":[],"product_cat":[45],"product_tag":[],"class_list":{"0":"post-4935","1":"product","2":"type-product","3":"status-publish","4":"has-post-thumbnail","6":"product_cat-cocktails-fr","8":"first","9":"instock","10":"taxable","11":"shipping-taxable","12":"purchasable","13":"product-type-simple"},"yoast_head":"<!-- This site is optimized with the Yoast SEO plugin v27.4 - https:\/\/yoast.com\/product\/yoast-seo-wordpress\/ -->\n<title>Anthema Gueules (Rouge \/ VSOP) - Anthema Spirits<\/title>\n<meta name=\"robots\" content=\"noindex, follow, max-snippet:-1, max-image-preview:large, max-video-preview:-1\" \/>\n<meta property=\"og:locale\" content=\"fr_FR\" \/>\n<meta property=\"og:type\" content=\"article\" \/>\n<meta property=\"og:title\" content=\"Anthema Gueules (Rouge \/ VSOP) - Anthema Spirits\" \/>\n<meta property=\"og:description\" content=\"Fier de ses origines gasconnes, notre VSOP est l\u2019indispensable compagnon de nos r\u00e9unions de famille et le h\u00e9raut de notre maison. Floral par dessein, sa complexit\u00e9 en fait un spiritueux parfait en toutes occasions. Sec, ou assorti \u00e0 un plat, nous en avons toujours une bouteille sous la main.\" \/>\n<meta property=\"og:url\" content=\"https:\/\/anthemaspirits.com\/fr\/produit\/anthema-de-gueules-rouge-vsop\/\" \/>\n<meta property=\"og:site_name\" content=\"Anthema Spirits\" \/>\n<meta property=\"article:modified_time\" content=\"2025-07-31T14:15:28+00:00\" \/>\n<meta property=\"og:image\" content=\"https:\/\/anthemaspirits.com\/wp-content\/uploads\/image-19.png\" \/>\n\t<meta property=\"og:image:width\" content=\"454\" \/>\n\t<meta property=\"og:image:height\" content=\"685\" \/>\n\t<meta property=\"og:image:type\" content=\"image\/png\" \/>\n<meta name=\"twitter:card\" content=\"summary_large_image\" \/>\n<meta name=\"twitter:label1\" content=\"Dur\u00e9e de lecture estim\u00e9e\" \/>\n\t<meta name=\"twitter:data1\" content=\"1 minute\" \/>\n<script type=\"application\/ld+json\" class=\"yoast-schema-graph\">{\"@context\":\"https:\\\/\\\/schema.org\",\"@graph\":[{\"@type\":\"WebPage\",\"@id\":\"https:\\\/\\\/anthemaspirits.com\\\/fr\\\/produit\\\/anthema-de-gueules-rouge-vsop\\\/\",\"url\":\"https:\\\/\\\/anthemaspirits.com\\\/fr\\\/produit\\\/anthema-de-gueules-rouge-vsop\\\/\",\"name\":\"Anthema Gueules (Rouge \\\/ VSOP) - Anthema Spirits\",\"isPartOf\":{\"@id\":\"https:\\\/\\\/anthemaspirits.com\\\/#website\"},\"primaryImageOfPage\":{\"@id\":\"https:\\\/\\\/anthemaspirits.com\\\/fr\\\/produit\\\/anthema-de-gueules-rouge-vsop\\\/#primaryimage\"},\"image\":{\"@id\":\"https:\\\/\\\/anthemaspirits.com\\\/fr\\\/produit\\\/anthema-de-gueules-rouge-vsop\\\/#primaryimage\"},\"thumbnailUrl\":\"https:\\\/\\\/anthemaspirits.com\\\/wp-content\\\/uploads\\\/image-19.png\",\"datePublished\":\"2023-08-28T06:53:19+00:00\",\"dateModified\":\"2025-07-31T14:15:28+00:00\",\"breadcrumb\":{\"@id\":\"https:\\\/\\\/anthemaspirits.com\\\/fr\\\/produit\\\/anthema-de-gueules-rouge-vsop\\\/#breadcrumb\"},\"inLanguage\":\"fr-FR\",\"potentialAction\":[{\"@type\":\"ReadAction\",\"target\":[\"https:\\\/\\\/anthemaspirits.com\\\/fr\\\/produit\\\/anthema-de-gueules-rouge-vsop\\\/\"]}]},{\"@type\":\"ImageObject\",\"inLanguage\":\"fr-FR\",\"@id\":\"https:\\\/\\\/anthemaspirits.com\\\/fr\\\/produit\\\/anthema-de-gueules-rouge-vsop\\\/#primaryimage\",\"url\":\"https:\\\/\\\/anthemaspirits.com\\\/wp-content\\\/uploads\\\/image-19.png\",\"contentUrl\":\"https:\\\/\\\/anthemaspirits.com\\\/wp-content\\\/uploads\\\/image-19.png\",\"width\":454,\"height\":685},{\"@type\":\"BreadcrumbList\",\"@id\":\"https:\\\/\\\/anthemaspirits.com\\\/fr\\\/produit\\\/anthema-de-gueules-rouge-vsop\\\/#breadcrumb\",\"itemListElement\":[{\"@type\":\"ListItem\",\"position\":1,\"name\":\"Home\",\"item\":\"https:\\\/\\\/anthemaspirits.com\\\/fr\\\/\"},{\"@type\":\"ListItem\",\"position\":2,\"name\":\"CATALOGUE\",\"item\":\"https:\\\/\\\/anthemaspirits.com\\\/catalogue-2\\\/\"},{\"@type\":\"ListItem\",\"position\":3,\"name\":\"Anthema Gueules (Rouge \\\/ VSOP)\"}]},{\"@type\":\"WebSite\",\"@id\":\"https:\\\/\\\/anthemaspirits.com\\\/#website\",\"url\":\"https:\\\/\\\/anthemaspirits.com\\\/\",\"name\":\"Anthema Spirits\",\"description\":\"\",\"publisher\":{\"@id\":\"https:\\\/\\\/anthemaspirits.com\\\/#organization\"},\"potentialAction\":[{\"@type\":\"SearchAction\",\"target\":{\"@type\":\"EntryPoint\",\"urlTemplate\":\"https:\\\/\\\/anthemaspirits.com\\\/?s={search_term_string}\"},\"query-input\":{\"@type\":\"PropertyValueSpecification\",\"valueRequired\":true,\"valueName\":\"search_term_string\"}}],\"inLanguage\":\"fr-FR\"},{\"@type\":\"Organization\",\"@id\":\"https:\\\/\\\/anthemaspirits.com\\\/#organization\",\"name\":\"Anthema Spirits\",\"url\":\"https:\\\/\\\/anthemaspirits.com\\\/\",\"logo\":{\"@type\":\"ImageObject\",\"inLanguage\":\"fr-FR\",\"@id\":\"https:\\\/\\\/anthemaspirits.com\\\/#\\\/schema\\\/logo\\\/image\\\/\",\"url\":\"https:\\\/\\\/anthemaspirits.com\\\/wp-content\\\/uploads\\\/image-2-1.png\",\"contentUrl\":\"https:\\\/\\\/anthemaspirits.com\\\/wp-content\\\/uploads\\\/image-2-1.png\",\"width\":351,\"height\":495,\"caption\":\"Anthema Spirits\"},\"image\":{\"@id\":\"https:\\\/\\\/anthemaspirits.com\\\/#\\\/schema\\\/logo\\\/image\\\/\"}}]}<\/script>\n<!-- \/ Yoast SEO plugin. -->","yoast_head_json":{"title":"Anthema Gueules (Rouge \/ VSOP) - Anthema Spirits","robots":{"index":"noindex","follow":"follow","max-snippet":"max-snippet:-1","max-image-preview":"max-image-preview:large","max-video-preview":"max-video-preview:-1"},"og_locale":"fr_FR","og_type":"article","og_title":"Anthema Gueules (Rouge \/ VSOP) - Anthema Spirits","og_description":"Fier de ses origines gasconnes, notre VSOP est l\u2019indispensable compagnon de nos r\u00e9unions de famille et le h\u00e9raut de notre maison. Floral par dessein, sa complexit\u00e9 en fait un spiritueux parfait en toutes occasions. Sec, ou assorti \u00e0 un plat, nous en avons toujours une bouteille sous la main.","og_url":"https:\/\/anthemaspirits.com\/fr\/produit\/anthema-de-gueules-rouge-vsop\/","og_site_name":"Anthema Spirits","article_modified_time":"2025-07-31T14:15:28+00:00","og_image":[{"width":454,"height":685,"url":"https:\/\/anthemaspirits.com\/wp-content\/uploads\/image-19.png","type":"image\/png"}],"twitter_card":"summary_large_image","twitter_misc":{"Dur\u00e9e de lecture estim\u00e9e":"1 minute"},"schema":{"@context":"https:\/\/schema.org","@graph":[{"@type":"WebPage","@id":"https:\/\/anthemaspirits.com\/fr\/produit\/anthema-de-gueules-rouge-vsop\/","url":"https:\/\/anthemaspirits.com\/fr\/produit\/anthema-de-gueules-rouge-vsop\/","name":"Anthema Gueules (Rouge \/ VSOP) - Anthema Spirits","isPartOf":{"@id":"https:\/\/anthemaspirits.com\/#website"},"primaryImageOfPage":{"@id":"https:\/\/anthemaspirits.com\/fr\/produit\/anthema-de-gueules-rouge-vsop\/#primaryimage"},"image":{"@id":"https:\/\/anthemaspirits.com\/fr\/produit\/anthema-de-gueules-rouge-vsop\/#primaryimage"},"thumbnailUrl":"https:\/\/anthemaspirits.com\/wp-content\/uploads\/image-19.png","datePublished":"2023-08-28T06:53:19+00:00","dateModified":"2025-07-31T14:15:28+00:00","breadcrumb":{"@id":"https:\/\/anthemaspirits.com\/fr\/produit\/anthema-de-gueules-rouge-vsop\/#breadcrumb"},"inLanguage":"fr-FR","potentialAction":[{"@type":"ReadAction","target":["https:\/\/anthemaspirits.com\/fr\/produit\/anthema-de-gueules-rouge-vsop\/"]}]},{"@type":"ImageObject","inLanguage":"fr-FR","@id":"https:\/\/anthemaspirits.com\/fr\/produit\/anthema-de-gueules-rouge-vsop\/#primaryimage","url":"https:\/\/anthemaspirits.com\/wp-content\/uploads\/image-19.png","contentUrl":"https:\/\/anthemaspirits.com\/wp-content\/uploads\/image-19.png","width":454,"height":685},{"@type":"BreadcrumbList","@id":"https:\/\/anthemaspirits.com\/fr\/produit\/anthema-de-gueules-rouge-vsop\/#breadcrumb","itemListElement":[{"@type":"ListItem","position":1,"name":"Home","item":"https:\/\/anthemaspirits.com\/fr\/"},{"@type":"ListItem","position":2,"name":"CATALOGUE","item":"https:\/\/anthemaspirits.com\/catalogue-2\/"},{"@type":"ListItem","position":3,"name":"Anthema Gueules (Rouge \/ VSOP)"}]},{"@type":"WebSite","@id":"https:\/\/anthemaspirits.com\/#website","url":"https:\/\/anthemaspirits.com\/","name":"Anthema Spirits","description":"","publisher":{"@id":"https:\/\/anthemaspirits.com\/#organization"},"potentialAction":[{"@type":"SearchAction","target":{"@type":"EntryPoint","urlTemplate":"https:\/\/anthemaspirits.com\/?s={search_term_string}"},"query-input":{"@type":"PropertyValueSpecification","valueRequired":true,"valueName":"search_term_string"}}],"inLanguage":"fr-FR"},{"@type":"Organization","@id":"https:\/\/anthemaspirits.com\/#organization","name":"Anthema Spirits","url":"https:\/\/anthemaspirits.com\/","logo":{"@type":"ImageObject","inLanguage":"fr-FR","@id":"https:\/\/anthemaspirits.com\/#\/schema\/logo\/image\/","url":"https:\/\/anthemaspirits.com\/wp-content\/uploads\/image-2-1.png","contentUrl":"https:\/\/anthemaspirits.com\/wp-content\/uploads\/image-2-1.png","width":351,"height":495,"caption":"Anthema Spirits"},"image":{"@id":"https:\/\/anthemaspirits.com\/#\/schema\/logo\/image\/"}}]}},"_links":{"self":[{"href":"https:\/\/anthemaspirits.com\/fr\/wp-json\/wp\/v2\/product\/4935","targetHints":{"allow":["GET"]}}],"collection":[{"href":"https:\/\/anthemaspirits.com\/fr\/wp-json\/wp\/v2\/product"}],"about":[{"href":"https:\/\/anthemaspirits.com\/fr\/wp-json\/wp\/v2\/types\/product"}],"replies":[{"embeddable":true,"href":"https:\/\/anthemaspirits.com\/fr\/wp-json\/wp\/v2\/comments?post=4935"}],"wp:featuredmedia":[{"embeddable":true,"href":"https:\/\/anthemaspirits.com\/fr\/wp-json\/wp\/v2\/media\/14853"}],"wp:attachment":[{"href":"https:\/\/anthemaspirits.com\/fr\/wp-json\/wp\/v2\/media?parent=4935"}],"wp:term":[{"taxonomy":"product_brand","embeddable":true,"href":"https:\/\/anthemaspirits.com\/fr\/wp-json\/wp\/v2\/product_brand?post=4935"},{"taxonomy":"product_cat","embeddable":true,"href":"https:\/\/anthemaspirits.com\/fr\/wp-json\/wp\/v2\/product_cat?post=4935"},{"taxonomy":"product_tag","embeddable":true,"href":"https:\/\/anthemaspirits.com\/fr\/wp-json\/wp\/v2\/product_tag?post=4935"}],"curies":[{"name":"wp","href":"https:\/\/api.w.org\/{rel}","templated":true}]}}