{"id":4932,"date":"2023-08-28T06:40:36","date_gmt":"2023-08-28T06:40:36","guid":{"rendered":"https:\/\/anthemaspirits.com\/product\/ortolan-de-sable-noir-xo\/"},"modified":"2025-06-27T09:49:31","modified_gmt":"2025-06-27T09:49:31","slug":"anthema-sable-noir-xo","status":"publish","type":"product","link":"https:\/\/anthemaspirits.com\/fr\/produit\/anthema-sable-noir-xo\/","title":{"rendered":"Anthema Sable (Noir \/ XO)"},"content":{"rendered":"<p>Notre chevalier, le gardien de notre maison. Solide comme les murs de notre ch\u00e2teau mais d\u00e9licat comme son int\u00e9rieur, il repr\u00e9sente selon nous les valeurs de la Gascogne : G\u00e9n\u00e9rosit\u00e9 et fiert\u00e9 de notre histoire.\u00a0Nous avons cr\u00e9\u00e9 cet assemblage avec un objectif en t\u00eate : briser les codes. C\u2019est incontestablement un Armagnac mais sa l\u00e9g\u00e8ret\u00e9, presque a\u00e9rienne, sa fra\u00eecheur \u00e9clatante et sa longueur en bouche sont la signature unique de notre maison.<\/p>\n","protected":false},"excerpt":{"rendered":"<p>Notre chevalier, le gardien de notre maison. Solide comme les murs de notre ch\u00e2teau mais d\u00e9licat comme son int\u00e9rieur, il repr\u00e9sente selon nous les valeurs de la Gascogne : G\u00e9n\u00e9rosit\u00e9 et fiert\u00e9 de notre histoire.\u00a0Nous avons cr\u00e9\u00e9 cet assemblage avec un objectif en t\u00eate : briser les codes. C\u2019est incontestablement un Armagnac mais sa l\u00e9g\u00e8ret\u00e9, presque a\u00e9rienne, sa fra\u00eecheur \u00e9clatante et sa longueur en bouche sont la signature unique de notre maison.<\/p>\n","protected":false},"featured_media":14868,"comment_status":"closed","ping_status":"closed","template":"","meta":[],"product_brand":[],"product_cat":[45],"product_tag":[],"class_list":{"0":"post-4932","1":"product","2":"type-product","3":"status-publish","4":"has-post-thumbnail","6":"product_cat-cocktails-fr","8":"first","9":"instock","10":"taxable","11":"shipping-taxable","12":"purchasable","13":"product-type-simple"},"yoast_head":"<!-- This site is optimized with the Yoast SEO plugin v27.4 - https:\/\/yoast.com\/product\/yoast-seo-wordpress\/ -->\n<title>Anthema Sable (Noir \/ XO) - Anthema Spirits<\/title>\n<meta name=\"robots\" content=\"noindex, follow, max-snippet:-1, max-image-preview:large, max-video-preview:-1\" \/>\n<meta property=\"og:locale\" content=\"fr_FR\" \/>\n<meta property=\"og:type\" content=\"article\" \/>\n<meta property=\"og:title\" content=\"Anthema Sable (Noir \/ XO) - Anthema Spirits\" \/>\n<meta property=\"og:description\" content=\"Notre chevalier, le gardien de notre maison. Solide comme les murs de notre ch\u00e2teau mais d\u00e9licat comme son int\u00e9rieur, il repr\u00e9sente selon nous les valeurs de la Gascogne : G\u00e9n\u00e9rosit\u00e9 et fiert\u00e9 de notre histoire.\u00a0Nous avons cr\u00e9\u00e9 cet assemblage avec un objectif en t\u00eate : briser les codes. C\u2019est incontestablement un Armagnac mais sa l\u00e9g\u00e8ret\u00e9, presque a\u00e9rienne, sa fra\u00eecheur \u00e9clatante et sa longueur en bouche sont la signature unique de notre maison.\" \/>\n<meta property=\"og:url\" content=\"https:\/\/anthemaspirits.com\/fr\/produit\/anthema-sable-noir-xo\/\" \/>\n<meta property=\"og:site_name\" content=\"Anthema Spirits\" \/>\n<meta property=\"article:modified_time\" content=\"2025-06-27T09:49:31+00:00\" \/>\n<meta property=\"og:image\" content=\"https:\/\/anthemaspirits.com\/wp-content\/uploads\/image-20.png\" \/>\n\t<meta property=\"og:image:width\" content=\"454\" \/>\n\t<meta property=\"og:image:height\" content=\"685\" \/>\n\t<meta property=\"og:image:type\" content=\"image\/png\" \/>\n<meta name=\"twitter:card\" content=\"summary_large_image\" \/>\n<meta name=\"twitter:label1\" content=\"Dur\u00e9e de lecture estim\u00e9e\" \/>\n\t<meta name=\"twitter:data1\" content=\"1 minute\" \/>\n<script type=\"application\/ld+json\" class=\"yoast-schema-graph\">{\"@context\":\"https:\\\/\\\/schema.org\",\"@graph\":[{\"@type\":\"WebPage\",\"@id\":\"https:\\\/\\\/anthemaspirits.com\\\/fr\\\/produit\\\/anthema-sable-noir-xo\\\/\",\"url\":\"https:\\\/\\\/anthemaspirits.com\\\/fr\\\/produit\\\/anthema-sable-noir-xo\\\/\",\"name\":\"Anthema Sable (Noir \\\/ XO) - Anthema Spirits\",\"isPartOf\":{\"@id\":\"https:\\\/\\\/anthemaspirits.com\\\/#website\"},\"primaryImageOfPage\":{\"@id\":\"https:\\\/\\\/anthemaspirits.com\\\/fr\\\/produit\\\/anthema-sable-noir-xo\\\/#primaryimage\"},\"image\":{\"@id\":\"https:\\\/\\\/anthemaspirits.com\\\/fr\\\/produit\\\/anthema-sable-noir-xo\\\/#primaryimage\"},\"thumbnailUrl\":\"https:\\\/\\\/anthemaspirits.com\\\/wp-content\\\/uploads\\\/image-20.png\",\"datePublished\":\"2023-08-28T06:40:36+00:00\",\"dateModified\":\"2025-06-27T09:49:31+00:00\",\"breadcrumb\":{\"@id\":\"https:\\\/\\\/anthemaspirits.com\\\/fr\\\/produit\\\/anthema-sable-noir-xo\\\/#breadcrumb\"},\"inLanguage\":\"fr-FR\",\"potentialAction\":[{\"@type\":\"ReadAction\",\"target\":[\"https:\\\/\\\/anthemaspirits.com\\\/fr\\\/produit\\\/anthema-sable-noir-xo\\\/\"]}]},{\"@type\":\"ImageObject\",\"inLanguage\":\"fr-FR\",\"@id\":\"https:\\\/\\\/anthemaspirits.com\\\/fr\\\/produit\\\/anthema-sable-noir-xo\\\/#primaryimage\",\"url\":\"https:\\\/\\\/anthemaspirits.com\\\/wp-content\\\/uploads\\\/image-20.png\",\"contentUrl\":\"https:\\\/\\\/anthemaspirits.com\\\/wp-content\\\/uploads\\\/image-20.png\",\"width\":454,\"height\":685},{\"@type\":\"BreadcrumbList\",\"@id\":\"https:\\\/\\\/anthemaspirits.com\\\/fr\\\/produit\\\/anthema-sable-noir-xo\\\/#breadcrumb\",\"itemListElement\":[{\"@type\":\"ListItem\",\"position\":1,\"name\":\"Home\",\"item\":\"https:\\\/\\\/anthemaspirits.com\\\/fr\\\/\"},{\"@type\":\"ListItem\",\"position\":2,\"name\":\"CATALOGUE\",\"item\":\"https:\\\/\\\/anthemaspirits.com\\\/catalogue-2\\\/\"},{\"@type\":\"ListItem\",\"position\":3,\"name\":\"Anthema Sable (Noir \\\/ XO)\"}]},{\"@type\":\"WebSite\",\"@id\":\"https:\\\/\\\/anthemaspirits.com\\\/#website\",\"url\":\"https:\\\/\\\/anthemaspirits.com\\\/\",\"name\":\"Anthema Spirits\",\"description\":\"\",\"publisher\":{\"@id\":\"https:\\\/\\\/anthemaspirits.com\\\/#organization\"},\"potentialAction\":[{\"@type\":\"SearchAction\",\"target\":{\"@type\":\"EntryPoint\",\"urlTemplate\":\"https:\\\/\\\/anthemaspirits.com\\\/?s={search_term_string}\"},\"query-input\":{\"@type\":\"PropertyValueSpecification\",\"valueRequired\":true,\"valueName\":\"search_term_string\"}}],\"inLanguage\":\"fr-FR\"},{\"@type\":\"Organization\",\"@id\":\"https:\\\/\\\/anthemaspirits.com\\\/#organization\",\"name\":\"Anthema Spirits\",\"url\":\"https:\\\/\\\/anthemaspirits.com\\\/\",\"logo\":{\"@type\":\"ImageObject\",\"inLanguage\":\"fr-FR\",\"@id\":\"https:\\\/\\\/anthemaspirits.com\\\/#\\\/schema\\\/logo\\\/image\\\/\",\"url\":\"https:\\\/\\\/anthemaspirits.com\\\/wp-content\\\/uploads\\\/image-2-1.png\",\"contentUrl\":\"https:\\\/\\\/anthemaspirits.com\\\/wp-content\\\/uploads\\\/image-2-1.png\",\"width\":351,\"height\":495,\"caption\":\"Anthema Spirits\"},\"image\":{\"@id\":\"https:\\\/\\\/anthemaspirits.com\\\/#\\\/schema\\\/logo\\\/image\\\/\"}}]}<\/script>\n<!-- \/ Yoast SEO plugin. -->","yoast_head_json":{"title":"Anthema Sable (Noir \/ XO) - Anthema Spirits","robots":{"index":"noindex","follow":"follow","max-snippet":"max-snippet:-1","max-image-preview":"max-image-preview:large","max-video-preview":"max-video-preview:-1"},"og_locale":"fr_FR","og_type":"article","og_title":"Anthema Sable (Noir \/ XO) - Anthema Spirits","og_description":"Notre chevalier, le gardien de notre maison. Solide comme les murs de notre ch\u00e2teau mais d\u00e9licat comme son int\u00e9rieur, il repr\u00e9sente selon nous les valeurs de la Gascogne : G\u00e9n\u00e9rosit\u00e9 et fiert\u00e9 de notre histoire.\u00a0Nous avons cr\u00e9\u00e9 cet assemblage avec un objectif en t\u00eate : briser les codes. C\u2019est incontestablement un Armagnac mais sa l\u00e9g\u00e8ret\u00e9, presque a\u00e9rienne, sa fra\u00eecheur \u00e9clatante et sa longueur en bouche sont la signature unique de notre maison.","og_url":"https:\/\/anthemaspirits.com\/fr\/produit\/anthema-sable-noir-xo\/","og_site_name":"Anthema Spirits","article_modified_time":"2025-06-27T09:49:31+00:00","og_image":[{"width":454,"height":685,"url":"https:\/\/anthemaspirits.com\/wp-content\/uploads\/image-20.png","type":"image\/png"}],"twitter_card":"summary_large_image","twitter_misc":{"Dur\u00e9e de lecture estim\u00e9e":"1 minute"},"schema":{"@context":"https:\/\/schema.org","@graph":[{"@type":"WebPage","@id":"https:\/\/anthemaspirits.com\/fr\/produit\/anthema-sable-noir-xo\/","url":"https:\/\/anthemaspirits.com\/fr\/produit\/anthema-sable-noir-xo\/","name":"Anthema Sable (Noir \/ XO) - Anthema Spirits","isPartOf":{"@id":"https:\/\/anthemaspirits.com\/#website"},"primaryImageOfPage":{"@id":"https:\/\/anthemaspirits.com\/fr\/produit\/anthema-sable-noir-xo\/#primaryimage"},"image":{"@id":"https:\/\/anthemaspirits.com\/fr\/produit\/anthema-sable-noir-xo\/#primaryimage"},"thumbnailUrl":"https:\/\/anthemaspirits.com\/wp-content\/uploads\/image-20.png","datePublished":"2023-08-28T06:40:36+00:00","dateModified":"2025-06-27T09:49:31+00:00","breadcrumb":{"@id":"https:\/\/anthemaspirits.com\/fr\/produit\/anthema-sable-noir-xo\/#breadcrumb"},"inLanguage":"fr-FR","potentialAction":[{"@type":"ReadAction","target":["https:\/\/anthemaspirits.com\/fr\/produit\/anthema-sable-noir-xo\/"]}]},{"@type":"ImageObject","inLanguage":"fr-FR","@id":"https:\/\/anthemaspirits.com\/fr\/produit\/anthema-sable-noir-xo\/#primaryimage","url":"https:\/\/anthemaspirits.com\/wp-content\/uploads\/image-20.png","contentUrl":"https:\/\/anthemaspirits.com\/wp-content\/uploads\/image-20.png","width":454,"height":685},{"@type":"BreadcrumbList","@id":"https:\/\/anthemaspirits.com\/fr\/produit\/anthema-sable-noir-xo\/#breadcrumb","itemListElement":[{"@type":"ListItem","position":1,"name":"Home","item":"https:\/\/anthemaspirits.com\/fr\/"},{"@type":"ListItem","position":2,"name":"CATALOGUE","item":"https:\/\/anthemaspirits.com\/catalogue-2\/"},{"@type":"ListItem","position":3,"name":"Anthema Sable (Noir \/ XO)"}]},{"@type":"WebSite","@id":"https:\/\/anthemaspirits.com\/#website","url":"https:\/\/anthemaspirits.com\/","name":"Anthema Spirits","description":"","publisher":{"@id":"https:\/\/anthemaspirits.com\/#organization"},"potentialAction":[{"@type":"SearchAction","target":{"@type":"EntryPoint","urlTemplate":"https:\/\/anthemaspirits.com\/?s={search_term_string}"},"query-input":{"@type":"PropertyValueSpecification","valueRequired":true,"valueName":"search_term_string"}}],"inLanguage":"fr-FR"},{"@type":"Organization","@id":"https:\/\/anthemaspirits.com\/#organization","name":"Anthema Spirits","url":"https:\/\/anthemaspirits.com\/","logo":{"@type":"ImageObject","inLanguage":"fr-FR","@id":"https:\/\/anthemaspirits.com\/#\/schema\/logo\/image\/","url":"https:\/\/anthemaspirits.com\/wp-content\/uploads\/image-2-1.png","contentUrl":"https:\/\/anthemaspirits.com\/wp-content\/uploads\/image-2-1.png","width":351,"height":495,"caption":"Anthema Spirits"},"image":{"@id":"https:\/\/anthemaspirits.com\/#\/schema\/logo\/image\/"}}]}},"_links":{"self":[{"href":"https:\/\/anthemaspirits.com\/fr\/wp-json\/wp\/v2\/product\/4932","targetHints":{"allow":["GET"]}}],"collection":[{"href":"https:\/\/anthemaspirits.com\/fr\/wp-json\/wp\/v2\/product"}],"about":[{"href":"https:\/\/anthemaspirits.com\/fr\/wp-json\/wp\/v2\/types\/product"}],"replies":[{"embeddable":true,"href":"https:\/\/anthemaspirits.com\/fr\/wp-json\/wp\/v2\/comments?post=4932"}],"wp:featuredmedia":[{"embeddable":true,"href":"https:\/\/anthemaspirits.com\/fr\/wp-json\/wp\/v2\/media\/14868"}],"wp:attachment":[{"href":"https:\/\/anthemaspirits.com\/fr\/wp-json\/wp\/v2\/media?parent=4932"}],"wp:term":[{"taxonomy":"product_brand","embeddable":true,"href":"https:\/\/anthemaspirits.com\/fr\/wp-json\/wp\/v2\/product_brand?post=4932"},{"taxonomy":"product_cat","embeddable":true,"href":"https:\/\/anthemaspirits.com\/fr\/wp-json\/wp\/v2\/product_cat?post=4932"},{"taxonomy":"product_tag","embeddable":true,"href":"https:\/\/anthemaspirits.com\/fr\/wp-json\/wp\/v2\/product_tag?post=4932"}],"curies":[{"name":"wp","href":"https:\/\/api.w.org\/{rel}","templated":true}]}}