{"id":15466,"date":"2025-07-21T09:07:49","date_gmt":"2025-07-21T09:07:49","guid":{"rendered":"https:\/\/anthemaspirits.com\/?post_type=product&#038;p=15466"},"modified":"2025-07-29T15:07:29","modified_gmt":"2025-07-29T15:07:29","slug":"beach-bag-anthema-bleu","status":"publish","type":"product","link":"https:\/\/anthemaspirits.com\/fr\/produit\/beach-bag-anthema-bleu\/","title":{"rendered":"BEACH BAG ANTHEMA"},"content":{"rendered":"","protected":false},"excerpt":{"rendered":"<p>\u00ab\u00a0Picot\u00e9 par les bl\u00e9s, fouler l&rsquo;herbe menue : r\u00eaveur, j&rsquo;en sentirai la fra\u00eecheur \u00e0 mes pieds\u00a0\u00bb\u00a0 &#8211; Arthur Rimbaud<\/p>\n<p>Edition ANTHEMA &#8211; ETE 2025<br \/>\nExiste en bleu et en rouge<\/p>\n<p>Format : 45 cm de large x 34 cm de haut<\/p>\n","protected":false},"featured_media":15474,"comment_status":"open","ping_status":"closed","template":"","meta":[],"product_brand":[],"product_cat":[62],"product_tag":[],"class_list":{"0":"post-15466","1":"product","2":"type-product","3":"status-publish","4":"has-post-thumbnail","6":"product_cat-objects-oddities-fr","8":"first","9":"instock","10":"taxable","11":"shipping-taxable","12":"purchasable","13":"product-type-variable"},"yoast_head":"<!-- This site is optimized with the Yoast SEO plugin v27.4 - https:\/\/yoast.com\/product\/yoast-seo-wordpress\/ -->\n<title>BEACH BAG ANTHEMA - Anthema Spirits<\/title>\n<meta name=\"robots\" content=\"noindex, follow, max-snippet:-1, max-image-preview:large, max-video-preview:-1\" \/>\n<meta property=\"og:locale\" content=\"fr_FR\" \/>\n<meta property=\"og:type\" content=\"article\" \/>\n<meta property=\"og:title\" content=\"BEACH BAG ANTHEMA - Anthema Spirits\" \/>\n<meta property=\"og:description\" content=\"&quot;Picot\u00e9 par les bl\u00e9s, fouler l&#039;herbe menue : r\u00eaveur, j&#039;en sentirai la fra\u00eecheur \u00e0 mes pieds&quot;\u00a0 - Arthur Rimbaud  Edition ANTHEMA - ETE 2025 Existe en bleu et en rouge  Format : 45 cm de large x 34 cm de haut\" \/>\n<meta property=\"og:url\" content=\"https:\/\/anthemaspirits.com\/fr\/produit\/beach-bag-anthema-bleu\/\" \/>\n<meta property=\"og:site_name\" content=\"Anthema Spirits\" \/>\n<meta property=\"article:modified_time\" content=\"2025-07-29T15:07:29+00:00\" \/>\n<meta property=\"og:image\" content=\"https:\/\/anthemaspirits.com\/wp-content\/uploads\/DSC09653_websize.jpg\" \/>\n\t<meta property=\"og:image:width\" content=\"1067\" \/>\n\t<meta property=\"og:image:height\" content=\"1600\" \/>\n\t<meta property=\"og:image:type\" content=\"image\/jpeg\" \/>\n<meta name=\"twitter:card\" content=\"summary_large_image\" \/>\n<meta name=\"twitter:label1\" content=\"Dur\u00e9e de lecture estim\u00e9e\" \/>\n\t<meta name=\"twitter:data1\" content=\"1 minute\" \/>\n<script type=\"application\/ld+json\" class=\"yoast-schema-graph\">{\"@context\":\"https:\\\/\\\/schema.org\",\"@graph\":[{\"@type\":\"WebPage\",\"@id\":\"https:\\\/\\\/anthemaspirits.com\\\/fr\\\/produit\\\/beach-bag-anthema-bleu\\\/\",\"url\":\"https:\\\/\\\/anthemaspirits.com\\\/fr\\\/produit\\\/beach-bag-anthema-bleu\\\/\",\"name\":\"BEACH BAG ANTHEMA - Anthema Spirits\",\"isPartOf\":{\"@id\":\"https:\\\/\\\/anthemaspirits.com\\\/#website\"},\"primaryImageOfPage\":{\"@id\":\"https:\\\/\\\/anthemaspirits.com\\\/fr\\\/produit\\\/beach-bag-anthema-bleu\\\/#primaryimage\"},\"image\":{\"@id\":\"https:\\\/\\\/anthemaspirits.com\\\/fr\\\/produit\\\/beach-bag-anthema-bleu\\\/#primaryimage\"},\"thumbnailUrl\":\"https:\\\/\\\/anthemaspirits.com\\\/wp-content\\\/uploads\\\/DSC09653_websize.jpg\",\"datePublished\":\"2025-07-21T09:07:49+00:00\",\"dateModified\":\"2025-07-29T15:07:29+00:00\",\"breadcrumb\":{\"@id\":\"https:\\\/\\\/anthemaspirits.com\\\/fr\\\/produit\\\/beach-bag-anthema-bleu\\\/#breadcrumb\"},\"inLanguage\":\"fr-FR\",\"potentialAction\":[{\"@type\":\"ReadAction\",\"target\":[\"https:\\\/\\\/anthemaspirits.com\\\/fr\\\/produit\\\/beach-bag-anthema-bleu\\\/\"]}]},{\"@type\":\"ImageObject\",\"inLanguage\":\"fr-FR\",\"@id\":\"https:\\\/\\\/anthemaspirits.com\\\/fr\\\/produit\\\/beach-bag-anthema-bleu\\\/#primaryimage\",\"url\":\"https:\\\/\\\/anthemaspirits.com\\\/wp-content\\\/uploads\\\/DSC09653_websize.jpg\",\"contentUrl\":\"https:\\\/\\\/anthemaspirits.com\\\/wp-content\\\/uploads\\\/DSC09653_websize.jpg\",\"width\":1067,\"height\":1600},{\"@type\":\"BreadcrumbList\",\"@id\":\"https:\\\/\\\/anthemaspirits.com\\\/fr\\\/produit\\\/beach-bag-anthema-bleu\\\/#breadcrumb\",\"itemListElement\":[{\"@type\":\"ListItem\",\"position\":1,\"name\":\"Home\",\"item\":\"https:\\\/\\\/anthemaspirits.com\\\/fr\\\/\"},{\"@type\":\"ListItem\",\"position\":2,\"name\":\"CATALOGUE\",\"item\":\"https:\\\/\\\/anthemaspirits.com\\\/catalogue-2\\\/\"},{\"@type\":\"ListItem\",\"position\":3,\"name\":\"BEACH BAG ANTHEMA\"}]},{\"@type\":\"WebSite\",\"@id\":\"https:\\\/\\\/anthemaspirits.com\\\/#website\",\"url\":\"https:\\\/\\\/anthemaspirits.com\\\/\",\"name\":\"Anthema Spirits\",\"description\":\"\",\"publisher\":{\"@id\":\"https:\\\/\\\/anthemaspirits.com\\\/#organization\"},\"potentialAction\":[{\"@type\":\"SearchAction\",\"target\":{\"@type\":\"EntryPoint\",\"urlTemplate\":\"https:\\\/\\\/anthemaspirits.com\\\/?s={search_term_string}\"},\"query-input\":{\"@type\":\"PropertyValueSpecification\",\"valueRequired\":true,\"valueName\":\"search_term_string\"}}],\"inLanguage\":\"fr-FR\"},{\"@type\":\"Organization\",\"@id\":\"https:\\\/\\\/anthemaspirits.com\\\/#organization\",\"name\":\"Anthema Spirits\",\"url\":\"https:\\\/\\\/anthemaspirits.com\\\/\",\"logo\":{\"@type\":\"ImageObject\",\"inLanguage\":\"fr-FR\",\"@id\":\"https:\\\/\\\/anthemaspirits.com\\\/#\\\/schema\\\/logo\\\/image\\\/\",\"url\":\"https:\\\/\\\/anthemaspirits.com\\\/wp-content\\\/uploads\\\/image-2-1.png\",\"contentUrl\":\"https:\\\/\\\/anthemaspirits.com\\\/wp-content\\\/uploads\\\/image-2-1.png\",\"width\":351,\"height\":495,\"caption\":\"Anthema Spirits\"},\"image\":{\"@id\":\"https:\\\/\\\/anthemaspirits.com\\\/#\\\/schema\\\/logo\\\/image\\\/\"}}]}<\/script>\n<!-- \/ Yoast SEO plugin. -->","yoast_head_json":{"title":"BEACH BAG ANTHEMA - Anthema Spirits","robots":{"index":"noindex","follow":"follow","max-snippet":"max-snippet:-1","max-image-preview":"max-image-preview:large","max-video-preview":"max-video-preview:-1"},"og_locale":"fr_FR","og_type":"article","og_title":"BEACH BAG ANTHEMA - Anthema Spirits","og_description":"\"Picot\u00e9 par les bl\u00e9s, fouler l'herbe menue : r\u00eaveur, j'en sentirai la fra\u00eecheur \u00e0 mes pieds\"\u00a0 - Arthur Rimbaud  Edition ANTHEMA - ETE 2025 Existe en bleu et en rouge  Format : 45 cm de large x 34 cm de haut","og_url":"https:\/\/anthemaspirits.com\/fr\/produit\/beach-bag-anthema-bleu\/","og_site_name":"Anthema Spirits","article_modified_time":"2025-07-29T15:07:29+00:00","og_image":[{"width":1067,"height":1600,"url":"https:\/\/anthemaspirits.com\/wp-content\/uploads\/DSC09653_websize.jpg","type":"image\/jpeg"}],"twitter_card":"summary_large_image","twitter_misc":{"Dur\u00e9e de lecture estim\u00e9e":"1 minute"},"schema":{"@context":"https:\/\/schema.org","@graph":[{"@type":"WebPage","@id":"https:\/\/anthemaspirits.com\/fr\/produit\/beach-bag-anthema-bleu\/","url":"https:\/\/anthemaspirits.com\/fr\/produit\/beach-bag-anthema-bleu\/","name":"BEACH BAG ANTHEMA - Anthema Spirits","isPartOf":{"@id":"https:\/\/anthemaspirits.com\/#website"},"primaryImageOfPage":{"@id":"https:\/\/anthemaspirits.com\/fr\/produit\/beach-bag-anthema-bleu\/#primaryimage"},"image":{"@id":"https:\/\/anthemaspirits.com\/fr\/produit\/beach-bag-anthema-bleu\/#primaryimage"},"thumbnailUrl":"https:\/\/anthemaspirits.com\/wp-content\/uploads\/DSC09653_websize.jpg","datePublished":"2025-07-21T09:07:49+00:00","dateModified":"2025-07-29T15:07:29+00:00","breadcrumb":{"@id":"https:\/\/anthemaspirits.com\/fr\/produit\/beach-bag-anthema-bleu\/#breadcrumb"},"inLanguage":"fr-FR","potentialAction":[{"@type":"ReadAction","target":["https:\/\/anthemaspirits.com\/fr\/produit\/beach-bag-anthema-bleu\/"]}]},{"@type":"ImageObject","inLanguage":"fr-FR","@id":"https:\/\/anthemaspirits.com\/fr\/produit\/beach-bag-anthema-bleu\/#primaryimage","url":"https:\/\/anthemaspirits.com\/wp-content\/uploads\/DSC09653_websize.jpg","contentUrl":"https:\/\/anthemaspirits.com\/wp-content\/uploads\/DSC09653_websize.jpg","width":1067,"height":1600},{"@type":"BreadcrumbList","@id":"https:\/\/anthemaspirits.com\/fr\/produit\/beach-bag-anthema-bleu\/#breadcrumb","itemListElement":[{"@type":"ListItem","position":1,"name":"Home","item":"https:\/\/anthemaspirits.com\/fr\/"},{"@type":"ListItem","position":2,"name":"CATALOGUE","item":"https:\/\/anthemaspirits.com\/catalogue-2\/"},{"@type":"ListItem","position":3,"name":"BEACH BAG ANTHEMA"}]},{"@type":"WebSite","@id":"https:\/\/anthemaspirits.com\/#website","url":"https:\/\/anthemaspirits.com\/","name":"Anthema Spirits","description":"","publisher":{"@id":"https:\/\/anthemaspirits.com\/#organization"},"potentialAction":[{"@type":"SearchAction","target":{"@type":"EntryPoint","urlTemplate":"https:\/\/anthemaspirits.com\/?s={search_term_string}"},"query-input":{"@type":"PropertyValueSpecification","valueRequired":true,"valueName":"search_term_string"}}],"inLanguage":"fr-FR"},{"@type":"Organization","@id":"https:\/\/anthemaspirits.com\/#organization","name":"Anthema Spirits","url":"https:\/\/anthemaspirits.com\/","logo":{"@type":"ImageObject","inLanguage":"fr-FR","@id":"https:\/\/anthemaspirits.com\/#\/schema\/logo\/image\/","url":"https:\/\/anthemaspirits.com\/wp-content\/uploads\/image-2-1.png","contentUrl":"https:\/\/anthemaspirits.com\/wp-content\/uploads\/image-2-1.png","width":351,"height":495,"caption":"Anthema Spirits"},"image":{"@id":"https:\/\/anthemaspirits.com\/#\/schema\/logo\/image\/"}}]}},"_links":{"self":[{"href":"https:\/\/anthemaspirits.com\/fr\/wp-json\/wp\/v2\/product\/15466","targetHints":{"allow":["GET"]}}],"collection":[{"href":"https:\/\/anthemaspirits.com\/fr\/wp-json\/wp\/v2\/product"}],"about":[{"href":"https:\/\/anthemaspirits.com\/fr\/wp-json\/wp\/v2\/types\/product"}],"replies":[{"embeddable":true,"href":"https:\/\/anthemaspirits.com\/fr\/wp-json\/wp\/v2\/comments?post=15466"}],"wp:featuredmedia":[{"embeddable":true,"href":"https:\/\/anthemaspirits.com\/fr\/wp-json\/wp\/v2\/media\/15474"}],"wp:attachment":[{"href":"https:\/\/anthemaspirits.com\/fr\/wp-json\/wp\/v2\/media?parent=15466"}],"wp:term":[{"taxonomy":"product_brand","embeddable":true,"href":"https:\/\/anthemaspirits.com\/fr\/wp-json\/wp\/v2\/product_brand?post=15466"},{"taxonomy":"product_cat","embeddable":true,"href":"https:\/\/anthemaspirits.com\/fr\/wp-json\/wp\/v2\/product_cat?post=15466"},{"taxonomy":"product_tag","embeddable":true,"href":"https:\/\/anthemaspirits.com\/fr\/wp-json\/wp\/v2\/product_tag?post=15466"}],"curies":[{"name":"wp","href":"https:\/\/api.w.org\/{rel}","templated":true}]}}