{"id":15259,"date":"2025-06-20T13:52:25","date_gmt":"2025-06-20T13:52:25","guid":{"rendered":"https:\/\/anthemaspirits.com\/product\/gueules-edition-limitee-marche-ue\/"},"modified":"2025-06-30T07:08:10","modified_gmt":"2025-06-30T07:08:10","slug":"gueules-edition-limitee-marche-ue","status":"publish","type":"product","link":"https:\/\/anthemaspirits.com\/fr\/produit\/gueules-edition-limitee-marche-ue\/","title":{"rendered":"Gueules &#8211; Edition Limit\u00e9e &#8211; March\u00e9 UE"},"content":{"rendered":"<p><br data-mce-bogus=\"1\"><\/p>\n","protected":false},"excerpt":{"rendered":"<p>Pourquoi le ruban adh\u00e9sif ? Parce que le terroir nous colle \u00e0 la peau. \u00c9videmment.<br \/>Et parce que la perfection est ennuyeuse ! Nous pensons que ce sont les petites choses qui vous rendent unique et inoubliable.<\/p>\n<p>Aussi, parce que nous osons tout, pourquoi pas un spiritueux \u00ab parfait \u00bb dans une bouteille \u00ab imparfaite \u00bb ? Que vous le vouliez ou non, nous sommes s\u00fbrs que vous aurez quelque chose \u00e0 dire \u00e0 ce sujet&#8230;<\/p>\n","protected":false},"featured_media":15229,"comment_status":"closed","ping_status":"closed","template":"","meta":[],"product_brand":[],"product_cat":[65],"product_tag":[],"class_list":{"0":"post-15259","1":"product","2":"type-product","3":"status-publish","4":"has-post-thumbnail","6":"product_cat-bouteilles","8":"first","9":"instock","10":"taxable","11":"shipping-taxable","12":"purchasable","13":"product-type-simple"},"yoast_head":"<!-- This site is optimized with the Yoast SEO plugin v27.4 - https:\/\/yoast.com\/product\/yoast-seo-wordpress\/ -->\n<title>Gueules - Edition Limit\u00e9e - March\u00e9 UE - Anthema Spirits<\/title>\n<meta name=\"robots\" content=\"noindex, follow, max-snippet:-1, max-image-preview:large, max-video-preview:-1\" \/>\n<meta property=\"og:locale\" content=\"fr_FR\" \/>\n<meta property=\"og:type\" content=\"article\" \/>\n<meta property=\"og:title\" content=\"Gueules - Edition Limit\u00e9e - March\u00e9 UE - Anthema Spirits\" \/>\n<meta property=\"og:description\" content=\"Pourquoi le ruban adh\u00e9sif ? Parce que le terroir nous colle \u00e0 la peau. \u00c9videmment.Et parce que la perfection est ennuyeuse ! Nous pensons que ce sont les petites choses qui vous rendent unique et inoubliable.Aussi, parce que nous osons tout, pourquoi pas un spiritueux \u00ab parfait \u00bb dans une bouteille \u00ab imparfaite \u00bb ? Que vous le vouliez ou non, nous sommes s\u00fbrs que vous aurez quelque chose \u00e0 dire \u00e0 ce sujet...\" \/>\n<meta property=\"og:url\" content=\"https:\/\/anthemaspirits.com\/fr\/produit\/gueules-edition-limitee-marche-ue\/\" \/>\n<meta property=\"og:site_name\" content=\"Anthema Spirits\" \/>\n<meta property=\"article:modified_time\" content=\"2025-06-30T07:08:10+00:00\" \/>\n<meta property=\"og:image\" content=\"https:\/\/anthemaspirits.com\/wp-content\/uploads\/1604_scotch_anthema-red-front-scaled-e1751267284284.png\" \/>\n\t<meta property=\"og:image:width\" content=\"750\" \/>\n\t<meta property=\"og:image:height\" content=\"1370\" \/>\n\t<meta property=\"og:image:type\" content=\"image\/png\" \/>\n<meta name=\"twitter:card\" content=\"summary_large_image\" \/>\n<meta name=\"twitter:label1\" content=\"Dur\u00e9e de lecture estim\u00e9e\" \/>\n\t<meta name=\"twitter:data1\" content=\"1 minute\" \/>\n<script type=\"application\/ld+json\" class=\"yoast-schema-graph\">{\"@context\":\"https:\\\/\\\/schema.org\",\"@graph\":[{\"@type\":\"WebPage\",\"@id\":\"https:\\\/\\\/anthemaspirits.com\\\/fr\\\/produit\\\/gueules-edition-limitee-marche-ue\\\/\",\"url\":\"https:\\\/\\\/anthemaspirits.com\\\/fr\\\/produit\\\/gueules-edition-limitee-marche-ue\\\/\",\"name\":\"Gueules - Edition Limit\u00e9e - March\u00e9 UE - Anthema Spirits\",\"isPartOf\":{\"@id\":\"https:\\\/\\\/anthemaspirits.com\\\/#website\"},\"primaryImageOfPage\":{\"@id\":\"https:\\\/\\\/anthemaspirits.com\\\/fr\\\/produit\\\/gueules-edition-limitee-marche-ue\\\/#primaryimage\"},\"image\":{\"@id\":\"https:\\\/\\\/anthemaspirits.com\\\/fr\\\/produit\\\/gueules-edition-limitee-marche-ue\\\/#primaryimage\"},\"thumbnailUrl\":\"https:\\\/\\\/anthemaspirits.com\\\/wp-content\\\/uploads\\\/1604_scotch_anthema-red-front-scaled-e1751267284284.png\",\"datePublished\":\"2025-06-20T13:52:25+00:00\",\"dateModified\":\"2025-06-30T07:08:10+00:00\",\"breadcrumb\":{\"@id\":\"https:\\\/\\\/anthemaspirits.com\\\/fr\\\/produit\\\/gueules-edition-limitee-marche-ue\\\/#breadcrumb\"},\"inLanguage\":\"fr-FR\",\"potentialAction\":[{\"@type\":\"ReadAction\",\"target\":[\"https:\\\/\\\/anthemaspirits.com\\\/fr\\\/produit\\\/gueules-edition-limitee-marche-ue\\\/\"]}]},{\"@type\":\"ImageObject\",\"inLanguage\":\"fr-FR\",\"@id\":\"https:\\\/\\\/anthemaspirits.com\\\/fr\\\/produit\\\/gueules-edition-limitee-marche-ue\\\/#primaryimage\",\"url\":\"https:\\\/\\\/anthemaspirits.com\\\/wp-content\\\/uploads\\\/1604_scotch_anthema-red-front-scaled-e1751267284284.png\",\"contentUrl\":\"https:\\\/\\\/anthemaspirits.com\\\/wp-content\\\/uploads\\\/1604_scotch_anthema-red-front-scaled-e1751267284284.png\",\"width\":750,\"height\":1370},{\"@type\":\"BreadcrumbList\",\"@id\":\"https:\\\/\\\/anthemaspirits.com\\\/fr\\\/produit\\\/gueules-edition-limitee-marche-ue\\\/#breadcrumb\",\"itemListElement\":[{\"@type\":\"ListItem\",\"position\":1,\"name\":\"Home\",\"item\":\"https:\\\/\\\/anthemaspirits.com\\\/fr\\\/\"},{\"@type\":\"ListItem\",\"position\":2,\"name\":\"CATALOGUE\",\"item\":\"https:\\\/\\\/anthemaspirits.com\\\/catalogue-2\\\/\"},{\"@type\":\"ListItem\",\"position\":3,\"name\":\"Gueules &#8211; Edition Limit\u00e9e &#8211; March\u00e9 UE\"}]},{\"@type\":\"WebSite\",\"@id\":\"https:\\\/\\\/anthemaspirits.com\\\/#website\",\"url\":\"https:\\\/\\\/anthemaspirits.com\\\/\",\"name\":\"Anthema Spirits\",\"description\":\"\",\"publisher\":{\"@id\":\"https:\\\/\\\/anthemaspirits.com\\\/#organization\"},\"potentialAction\":[{\"@type\":\"SearchAction\",\"target\":{\"@type\":\"EntryPoint\",\"urlTemplate\":\"https:\\\/\\\/anthemaspirits.com\\\/?s={search_term_string}\"},\"query-input\":{\"@type\":\"PropertyValueSpecification\",\"valueRequired\":true,\"valueName\":\"search_term_string\"}}],\"inLanguage\":\"fr-FR\"},{\"@type\":\"Organization\",\"@id\":\"https:\\\/\\\/anthemaspirits.com\\\/#organization\",\"name\":\"Anthema Spirits\",\"url\":\"https:\\\/\\\/anthemaspirits.com\\\/\",\"logo\":{\"@type\":\"ImageObject\",\"inLanguage\":\"fr-FR\",\"@id\":\"https:\\\/\\\/anthemaspirits.com\\\/#\\\/schema\\\/logo\\\/image\\\/\",\"url\":\"https:\\\/\\\/anthemaspirits.com\\\/wp-content\\\/uploads\\\/image-2-1.png\",\"contentUrl\":\"https:\\\/\\\/anthemaspirits.com\\\/wp-content\\\/uploads\\\/image-2-1.png\",\"width\":351,\"height\":495,\"caption\":\"Anthema Spirits\"},\"image\":{\"@id\":\"https:\\\/\\\/anthemaspirits.com\\\/#\\\/schema\\\/logo\\\/image\\\/\"}}]}<\/script>\n<!-- \/ Yoast SEO plugin. -->","yoast_head_json":{"title":"Gueules - Edition Limit\u00e9e - March\u00e9 UE - Anthema Spirits","robots":{"index":"noindex","follow":"follow","max-snippet":"max-snippet:-1","max-image-preview":"max-image-preview:large","max-video-preview":"max-video-preview:-1"},"og_locale":"fr_FR","og_type":"article","og_title":"Gueules - Edition Limit\u00e9e - March\u00e9 UE - Anthema Spirits","og_description":"Pourquoi le ruban adh\u00e9sif ? Parce que le terroir nous colle \u00e0 la peau. \u00c9videmment.Et parce que la perfection est ennuyeuse ! Nous pensons que ce sont les petites choses qui vous rendent unique et inoubliable.Aussi, parce que nous osons tout, pourquoi pas un spiritueux \u00ab parfait \u00bb dans une bouteille \u00ab imparfaite \u00bb ? Que vous le vouliez ou non, nous sommes s\u00fbrs que vous aurez quelque chose \u00e0 dire \u00e0 ce sujet...","og_url":"https:\/\/anthemaspirits.com\/fr\/produit\/gueules-edition-limitee-marche-ue\/","og_site_name":"Anthema Spirits","article_modified_time":"2025-06-30T07:08:10+00:00","og_image":[{"width":750,"height":1370,"url":"https:\/\/anthemaspirits.com\/wp-content\/uploads\/1604_scotch_anthema-red-front-scaled-e1751267284284.png","type":"image\/png"}],"twitter_card":"summary_large_image","twitter_misc":{"Dur\u00e9e de lecture estim\u00e9e":"1 minute"},"schema":{"@context":"https:\/\/schema.org","@graph":[{"@type":"WebPage","@id":"https:\/\/anthemaspirits.com\/fr\/produit\/gueules-edition-limitee-marche-ue\/","url":"https:\/\/anthemaspirits.com\/fr\/produit\/gueules-edition-limitee-marche-ue\/","name":"Gueules - Edition Limit\u00e9e - March\u00e9 UE - Anthema Spirits","isPartOf":{"@id":"https:\/\/anthemaspirits.com\/#website"},"primaryImageOfPage":{"@id":"https:\/\/anthemaspirits.com\/fr\/produit\/gueules-edition-limitee-marche-ue\/#primaryimage"},"image":{"@id":"https:\/\/anthemaspirits.com\/fr\/produit\/gueules-edition-limitee-marche-ue\/#primaryimage"},"thumbnailUrl":"https:\/\/anthemaspirits.com\/wp-content\/uploads\/1604_scotch_anthema-red-front-scaled-e1751267284284.png","datePublished":"2025-06-20T13:52:25+00:00","dateModified":"2025-06-30T07:08:10+00:00","breadcrumb":{"@id":"https:\/\/anthemaspirits.com\/fr\/produit\/gueules-edition-limitee-marche-ue\/#breadcrumb"},"inLanguage":"fr-FR","potentialAction":[{"@type":"ReadAction","target":["https:\/\/anthemaspirits.com\/fr\/produit\/gueules-edition-limitee-marche-ue\/"]}]},{"@type":"ImageObject","inLanguage":"fr-FR","@id":"https:\/\/anthemaspirits.com\/fr\/produit\/gueules-edition-limitee-marche-ue\/#primaryimage","url":"https:\/\/anthemaspirits.com\/wp-content\/uploads\/1604_scotch_anthema-red-front-scaled-e1751267284284.png","contentUrl":"https:\/\/anthemaspirits.com\/wp-content\/uploads\/1604_scotch_anthema-red-front-scaled-e1751267284284.png","width":750,"height":1370},{"@type":"BreadcrumbList","@id":"https:\/\/anthemaspirits.com\/fr\/produit\/gueules-edition-limitee-marche-ue\/#breadcrumb","itemListElement":[{"@type":"ListItem","position":1,"name":"Home","item":"https:\/\/anthemaspirits.com\/fr\/"},{"@type":"ListItem","position":2,"name":"CATALOGUE","item":"https:\/\/anthemaspirits.com\/catalogue-2\/"},{"@type":"ListItem","position":3,"name":"Gueules &#8211; Edition Limit\u00e9e &#8211; March\u00e9 UE"}]},{"@type":"WebSite","@id":"https:\/\/anthemaspirits.com\/#website","url":"https:\/\/anthemaspirits.com\/","name":"Anthema Spirits","description":"","publisher":{"@id":"https:\/\/anthemaspirits.com\/#organization"},"potentialAction":[{"@type":"SearchAction","target":{"@type":"EntryPoint","urlTemplate":"https:\/\/anthemaspirits.com\/?s={search_term_string}"},"query-input":{"@type":"PropertyValueSpecification","valueRequired":true,"valueName":"search_term_string"}}],"inLanguage":"fr-FR"},{"@type":"Organization","@id":"https:\/\/anthemaspirits.com\/#organization","name":"Anthema Spirits","url":"https:\/\/anthemaspirits.com\/","logo":{"@type":"ImageObject","inLanguage":"fr-FR","@id":"https:\/\/anthemaspirits.com\/#\/schema\/logo\/image\/","url":"https:\/\/anthemaspirits.com\/wp-content\/uploads\/image-2-1.png","contentUrl":"https:\/\/anthemaspirits.com\/wp-content\/uploads\/image-2-1.png","width":351,"height":495,"caption":"Anthema Spirits"},"image":{"@id":"https:\/\/anthemaspirits.com\/#\/schema\/logo\/image\/"}}]}},"_links":{"self":[{"href":"https:\/\/anthemaspirits.com\/fr\/wp-json\/wp\/v2\/product\/15259","targetHints":{"allow":["GET"]}}],"collection":[{"href":"https:\/\/anthemaspirits.com\/fr\/wp-json\/wp\/v2\/product"}],"about":[{"href":"https:\/\/anthemaspirits.com\/fr\/wp-json\/wp\/v2\/types\/product"}],"replies":[{"embeddable":true,"href":"https:\/\/anthemaspirits.com\/fr\/wp-json\/wp\/v2\/comments?post=15259"}],"wp:featuredmedia":[{"embeddable":true,"href":"https:\/\/anthemaspirits.com\/fr\/wp-json\/wp\/v2\/media\/15229"}],"wp:attachment":[{"href":"https:\/\/anthemaspirits.com\/fr\/wp-json\/wp\/v2\/media?parent=15259"}],"wp:term":[{"taxonomy":"product_brand","embeddable":true,"href":"https:\/\/anthemaspirits.com\/fr\/wp-json\/wp\/v2\/product_brand?post=15259"},{"taxonomy":"product_cat","embeddable":true,"href":"https:\/\/anthemaspirits.com\/fr\/wp-json\/wp\/v2\/product_cat?post=15259"},{"taxonomy":"product_tag","embeddable":true,"href":"https:\/\/anthemaspirits.com\/fr\/wp-json\/wp\/v2\/product_tag?post=15259"}],"curies":[{"name":"wp","href":"https:\/\/api.w.org\/{rel}","templated":true}]}}