{"id":14045,"date":"2025-06-01T09:47:06","date_gmt":"2025-06-01T09:47:06","guid":{"rendered":"https:\/\/anthemaspirits.com\/?post_type=product&#038;p=14045"},"modified":"2025-07-29T13:59:59","modified_gmt":"2025-07-29T13:59:59","slug":"ortolan-azur-bleu-vs-copy-copy-copy-copy-copy-2","status":"publish","type":"product","link":"https:\/\/anthemaspirits.com\/fr\/produit\/ortolan-azur-bleu-vs-copy-copy-copy-copy-copy-2\/","title":{"rendered":"T-SHIRT BLANC ANTHEMA"},"content":{"rendered":"<p>Quelle meilleure fa\u00e7on de c\u00e9l\u00e9brer Anthema que d&rsquo;arborer notre tee-shirt collector exclusif ?<br \/>\nDessin\u00e9 par Louis-Marie de Castelbajac, il capture l&rsquo;essence de tout ce en quoi nous croyons &#8211; Amour. Adventure. Alchemy. Avant-Garde.<br \/>\nQuel hymne r\u00e9sonne le plus avec vous aujourd&rsquo;hui ?<\/p>\n<p>100% Coton<\/p>\n","protected":false},"excerpt":{"rendered":"<p>Quelle meilleure fa\u00e7on de c\u00e9l\u00e9brer Anthema que d&rsquo;arborer notre tee-shirt collector exclusif ?<br \/>\nDessin\u00e9 par Louis-Marie de Castelbajac, il capture l&rsquo;essence de tout ce en quoi nous croyons &#8211; Amour. Adventure. Alchemy. Avant-Garde.<br \/>\nQuel hymne r\u00e9sonne le plus avec vous aujourd&rsquo;hui ?<\/p>\n<p>100% Coton<\/p>\n","protected":false},"featured_media":15497,"comment_status":"open","ping_status":"closed","template":"","meta":[],"product_brand":[],"product_cat":[62],"product_tag":[],"class_list":{"0":"post-14045","1":"product","2":"type-product","3":"status-publish","4":"has-post-thumbnail","6":"product_cat-objects-oddities-fr","8":"first","9":"instock","10":"taxable","11":"shipping-taxable","12":"purchasable","13":"product-type-simple"},"yoast_head":"<!-- This site is optimized with the Yoast SEO plugin v27.4 - https:\/\/yoast.com\/product\/yoast-seo-wordpress\/ -->\n<title>T-SHIRT BLANC ANTHEMA - Anthema Spirits<\/title>\n<meta name=\"robots\" content=\"noindex, follow, max-snippet:-1, max-image-preview:large, max-video-preview:-1\" \/>\n<meta property=\"og:locale\" content=\"fr_FR\" \/>\n<meta property=\"og:type\" content=\"article\" \/>\n<meta property=\"og:title\" content=\"T-SHIRT BLANC ANTHEMA - Anthema Spirits\" \/>\n<meta property=\"og:description\" content=\"Quelle meilleure fa\u00e7on de c\u00e9l\u00e9brer Anthema que d&#039;arborer notre tee-shirt collector exclusif ? Dessin\u00e9 par Louis-Marie de Castelbajac, il capture l&#039;essence de tout ce en quoi nous croyons - Amour. Adventure. Alchemy. Avant-Garde. Quel hymne r\u00e9sonne le plus avec vous aujourd&#039;hui ?  100% Coton\" \/>\n<meta property=\"og:url\" content=\"https:\/\/anthemaspirits.com\/fr\/produit\/ortolan-azur-bleu-vs-copy-copy-copy-copy-copy-2\/\" \/>\n<meta property=\"og:site_name\" content=\"Anthema Spirits\" \/>\n<meta property=\"article:modified_time\" content=\"2025-07-29T13:59:59+00:00\" \/>\n<meta property=\"og:image\" content=\"https:\/\/anthemaspirits.com\/wp-content\/uploads\/DSC09050_websize1.jpg\" \/>\n\t<meta property=\"og:image:width\" content=\"783\" \/>\n\t<meta property=\"og:image:height\" content=\"1188\" \/>\n\t<meta property=\"og:image:type\" content=\"image\/jpeg\" \/>\n<meta name=\"twitter:card\" content=\"summary_large_image\" \/>\n<meta name=\"twitter:label1\" content=\"Dur\u00e9e de lecture estim\u00e9e\" \/>\n\t<meta name=\"twitter:data1\" content=\"1 minute\" \/>\n<script type=\"application\/ld+json\" class=\"yoast-schema-graph\">{\"@context\":\"https:\\\/\\\/schema.org\",\"@graph\":[{\"@type\":\"WebPage\",\"@id\":\"https:\\\/\\\/anthemaspirits.com\\\/fr\\\/produit\\\/ortolan-azur-bleu-vs-copy-copy-copy-copy-copy-2\\\/\",\"url\":\"https:\\\/\\\/anthemaspirits.com\\\/fr\\\/produit\\\/ortolan-azur-bleu-vs-copy-copy-copy-copy-copy-2\\\/\",\"name\":\"T-SHIRT BLANC ANTHEMA - Anthema Spirits\",\"isPartOf\":{\"@id\":\"https:\\\/\\\/anthemaspirits.com\\\/#website\"},\"primaryImageOfPage\":{\"@id\":\"https:\\\/\\\/anthemaspirits.com\\\/fr\\\/produit\\\/ortolan-azur-bleu-vs-copy-copy-copy-copy-copy-2\\\/#primaryimage\"},\"image\":{\"@id\":\"https:\\\/\\\/anthemaspirits.com\\\/fr\\\/produit\\\/ortolan-azur-bleu-vs-copy-copy-copy-copy-copy-2\\\/#primaryimage\"},\"thumbnailUrl\":\"https:\\\/\\\/anthemaspirits.com\\\/wp-content\\\/uploads\\\/DSC09050_websize1.jpg\",\"datePublished\":\"2025-06-01T09:47:06+00:00\",\"dateModified\":\"2025-07-29T13:59:59+00:00\",\"breadcrumb\":{\"@id\":\"https:\\\/\\\/anthemaspirits.com\\\/fr\\\/produit\\\/ortolan-azur-bleu-vs-copy-copy-copy-copy-copy-2\\\/#breadcrumb\"},\"inLanguage\":\"fr-FR\",\"potentialAction\":[{\"@type\":\"ReadAction\",\"target\":[\"https:\\\/\\\/anthemaspirits.com\\\/fr\\\/produit\\\/ortolan-azur-bleu-vs-copy-copy-copy-copy-copy-2\\\/\"]}]},{\"@type\":\"ImageObject\",\"inLanguage\":\"fr-FR\",\"@id\":\"https:\\\/\\\/anthemaspirits.com\\\/fr\\\/produit\\\/ortolan-azur-bleu-vs-copy-copy-copy-copy-copy-2\\\/#primaryimage\",\"url\":\"https:\\\/\\\/anthemaspirits.com\\\/wp-content\\\/uploads\\\/DSC09050_websize1.jpg\",\"contentUrl\":\"https:\\\/\\\/anthemaspirits.com\\\/wp-content\\\/uploads\\\/DSC09050_websize1.jpg\",\"width\":783,\"height\":1188},{\"@type\":\"BreadcrumbList\",\"@id\":\"https:\\\/\\\/anthemaspirits.com\\\/fr\\\/produit\\\/ortolan-azur-bleu-vs-copy-copy-copy-copy-copy-2\\\/#breadcrumb\",\"itemListElement\":[{\"@type\":\"ListItem\",\"position\":1,\"name\":\"Home\",\"item\":\"https:\\\/\\\/anthemaspirits.com\\\/fr\\\/\"},{\"@type\":\"ListItem\",\"position\":2,\"name\":\"CATALOGUE\",\"item\":\"https:\\\/\\\/anthemaspirits.com\\\/catalogue-2\\\/\"},{\"@type\":\"ListItem\",\"position\":3,\"name\":\"T-SHIRT BLANC ANTHEMA\"}]},{\"@type\":\"WebSite\",\"@id\":\"https:\\\/\\\/anthemaspirits.com\\\/#website\",\"url\":\"https:\\\/\\\/anthemaspirits.com\\\/\",\"name\":\"Anthema Spirits\",\"description\":\"\",\"publisher\":{\"@id\":\"https:\\\/\\\/anthemaspirits.com\\\/#organization\"},\"potentialAction\":[{\"@type\":\"SearchAction\",\"target\":{\"@type\":\"EntryPoint\",\"urlTemplate\":\"https:\\\/\\\/anthemaspirits.com\\\/?s={search_term_string}\"},\"query-input\":{\"@type\":\"PropertyValueSpecification\",\"valueRequired\":true,\"valueName\":\"search_term_string\"}}],\"inLanguage\":\"fr-FR\"},{\"@type\":\"Organization\",\"@id\":\"https:\\\/\\\/anthemaspirits.com\\\/#organization\",\"name\":\"Anthema Spirits\",\"url\":\"https:\\\/\\\/anthemaspirits.com\\\/\",\"logo\":{\"@type\":\"ImageObject\",\"inLanguage\":\"fr-FR\",\"@id\":\"https:\\\/\\\/anthemaspirits.com\\\/#\\\/schema\\\/logo\\\/image\\\/\",\"url\":\"https:\\\/\\\/anthemaspirits.com\\\/wp-content\\\/uploads\\\/image-2-1.png\",\"contentUrl\":\"https:\\\/\\\/anthemaspirits.com\\\/wp-content\\\/uploads\\\/image-2-1.png\",\"width\":351,\"height\":495,\"caption\":\"Anthema Spirits\"},\"image\":{\"@id\":\"https:\\\/\\\/anthemaspirits.com\\\/#\\\/schema\\\/logo\\\/image\\\/\"}}]}<\/script>\n<!-- \/ Yoast SEO plugin. -->","yoast_head_json":{"title":"T-SHIRT BLANC ANTHEMA - Anthema Spirits","robots":{"index":"noindex","follow":"follow","max-snippet":"max-snippet:-1","max-image-preview":"max-image-preview:large","max-video-preview":"max-video-preview:-1"},"og_locale":"fr_FR","og_type":"article","og_title":"T-SHIRT BLANC ANTHEMA - Anthema Spirits","og_description":"Quelle meilleure fa\u00e7on de c\u00e9l\u00e9brer Anthema que d'arborer notre tee-shirt collector exclusif ? Dessin\u00e9 par Louis-Marie de Castelbajac, il capture l'essence de tout ce en quoi nous croyons - Amour. Adventure. Alchemy. Avant-Garde. Quel hymne r\u00e9sonne le plus avec vous aujourd'hui ?  100% Coton","og_url":"https:\/\/anthemaspirits.com\/fr\/produit\/ortolan-azur-bleu-vs-copy-copy-copy-copy-copy-2\/","og_site_name":"Anthema Spirits","article_modified_time":"2025-07-29T13:59:59+00:00","og_image":[{"width":783,"height":1188,"url":"https:\/\/anthemaspirits.com\/wp-content\/uploads\/DSC09050_websize1.jpg","type":"image\/jpeg"}],"twitter_card":"summary_large_image","twitter_misc":{"Dur\u00e9e de lecture estim\u00e9e":"1 minute"},"schema":{"@context":"https:\/\/schema.org","@graph":[{"@type":"WebPage","@id":"https:\/\/anthemaspirits.com\/fr\/produit\/ortolan-azur-bleu-vs-copy-copy-copy-copy-copy-2\/","url":"https:\/\/anthemaspirits.com\/fr\/produit\/ortolan-azur-bleu-vs-copy-copy-copy-copy-copy-2\/","name":"T-SHIRT BLANC ANTHEMA - Anthema Spirits","isPartOf":{"@id":"https:\/\/anthemaspirits.com\/#website"},"primaryImageOfPage":{"@id":"https:\/\/anthemaspirits.com\/fr\/produit\/ortolan-azur-bleu-vs-copy-copy-copy-copy-copy-2\/#primaryimage"},"image":{"@id":"https:\/\/anthemaspirits.com\/fr\/produit\/ortolan-azur-bleu-vs-copy-copy-copy-copy-copy-2\/#primaryimage"},"thumbnailUrl":"https:\/\/anthemaspirits.com\/wp-content\/uploads\/DSC09050_websize1.jpg","datePublished":"2025-06-01T09:47:06+00:00","dateModified":"2025-07-29T13:59:59+00:00","breadcrumb":{"@id":"https:\/\/anthemaspirits.com\/fr\/produit\/ortolan-azur-bleu-vs-copy-copy-copy-copy-copy-2\/#breadcrumb"},"inLanguage":"fr-FR","potentialAction":[{"@type":"ReadAction","target":["https:\/\/anthemaspirits.com\/fr\/produit\/ortolan-azur-bleu-vs-copy-copy-copy-copy-copy-2\/"]}]},{"@type":"ImageObject","inLanguage":"fr-FR","@id":"https:\/\/anthemaspirits.com\/fr\/produit\/ortolan-azur-bleu-vs-copy-copy-copy-copy-copy-2\/#primaryimage","url":"https:\/\/anthemaspirits.com\/wp-content\/uploads\/DSC09050_websize1.jpg","contentUrl":"https:\/\/anthemaspirits.com\/wp-content\/uploads\/DSC09050_websize1.jpg","width":783,"height":1188},{"@type":"BreadcrumbList","@id":"https:\/\/anthemaspirits.com\/fr\/produit\/ortolan-azur-bleu-vs-copy-copy-copy-copy-copy-2\/#breadcrumb","itemListElement":[{"@type":"ListItem","position":1,"name":"Home","item":"https:\/\/anthemaspirits.com\/fr\/"},{"@type":"ListItem","position":2,"name":"CATALOGUE","item":"https:\/\/anthemaspirits.com\/catalogue-2\/"},{"@type":"ListItem","position":3,"name":"T-SHIRT BLANC ANTHEMA"}]},{"@type":"WebSite","@id":"https:\/\/anthemaspirits.com\/#website","url":"https:\/\/anthemaspirits.com\/","name":"Anthema Spirits","description":"","publisher":{"@id":"https:\/\/anthemaspirits.com\/#organization"},"potentialAction":[{"@type":"SearchAction","target":{"@type":"EntryPoint","urlTemplate":"https:\/\/anthemaspirits.com\/?s={search_term_string}"},"query-input":{"@type":"PropertyValueSpecification","valueRequired":true,"valueName":"search_term_string"}}],"inLanguage":"fr-FR"},{"@type":"Organization","@id":"https:\/\/anthemaspirits.com\/#organization","name":"Anthema Spirits","url":"https:\/\/anthemaspirits.com\/","logo":{"@type":"ImageObject","inLanguage":"fr-FR","@id":"https:\/\/anthemaspirits.com\/#\/schema\/logo\/image\/","url":"https:\/\/anthemaspirits.com\/wp-content\/uploads\/image-2-1.png","contentUrl":"https:\/\/anthemaspirits.com\/wp-content\/uploads\/image-2-1.png","width":351,"height":495,"caption":"Anthema Spirits"},"image":{"@id":"https:\/\/anthemaspirits.com\/#\/schema\/logo\/image\/"}}]}},"_links":{"self":[{"href":"https:\/\/anthemaspirits.com\/fr\/wp-json\/wp\/v2\/product\/14045","targetHints":{"allow":["GET"]}}],"collection":[{"href":"https:\/\/anthemaspirits.com\/fr\/wp-json\/wp\/v2\/product"}],"about":[{"href":"https:\/\/anthemaspirits.com\/fr\/wp-json\/wp\/v2\/types\/product"}],"replies":[{"embeddable":true,"href":"https:\/\/anthemaspirits.com\/fr\/wp-json\/wp\/v2\/comments?post=14045"}],"wp:featuredmedia":[{"embeddable":true,"href":"https:\/\/anthemaspirits.com\/fr\/wp-json\/wp\/v2\/media\/15497"}],"wp:attachment":[{"href":"https:\/\/anthemaspirits.com\/fr\/wp-json\/wp\/v2\/media?parent=14045"}],"wp:term":[{"taxonomy":"product_brand","embeddable":true,"href":"https:\/\/anthemaspirits.com\/fr\/wp-json\/wp\/v2\/product_brand?post=14045"},{"taxonomy":"product_cat","embeddable":true,"href":"https:\/\/anthemaspirits.com\/fr\/wp-json\/wp\/v2\/product_cat?post=14045"},{"taxonomy":"product_tag","embeddable":true,"href":"https:\/\/anthemaspirits.com\/fr\/wp-json\/wp\/v2\/product_tag?post=14045"}],"curies":[{"name":"wp","href":"https:\/\/api.w.org\/{rel}","templated":true}]}}