{"id":13652,"date":"2025-06-01T09:48:18","date_gmt":"2025-06-01T09:48:18","guid":{"rendered":"https:\/\/anthemaspirits.com\/?post_type=product&#038;p=13652"},"modified":"2025-06-19T12:12:30","modified_gmt":"2025-06-19T12:12:30","slug":"ortolan-azur-bleu-vs-copy-copy-copy","status":"publish","type":"product","link":"https:\/\/anthemaspirits.com\/fr\/produit\/ortolan-azur-bleu-vs-copy-copy-copy\/","title":{"rendered":"BOUGIE PARFUM\u00c9E"},"content":{"rendered":"","protected":false},"excerpt":{"rendered":"<p>Promenez-vous dans le parc du Ch\u00e2teau de Loubersan et sentez les roses et les p\u00eaches du jardin. Fabriqu\u00e9es \u00e0 partir de cire v\u00e9g\u00e9tale, les bougies con\u00e7ues par la Cirerie de Gascogne sont coul\u00e9es \u00e0 la main par un Artisan Cirier d&rsquo;Art. La m\u00e8che en coton assure une combustion lente et \u00e9quilibr\u00e9e pendant environ 40 heures.<\/p>\n","protected":false},"featured_media":13655,"comment_status":"open","ping_status":"closed","template":"","meta":[],"product_brand":[],"product_cat":[62],"product_tag":[],"class_list":{"0":"post-13652","1":"product","2":"type-product","3":"status-publish","4":"has-post-thumbnail","6":"product_cat-objects-oddities-fr","8":"first","9":"instock","10":"taxable","11":"shipping-taxable","12":"purchasable","13":"product-type-simple"},"yoast_head":"<!-- This site is optimized with the Yoast SEO plugin v27.4 - https:\/\/yoast.com\/product\/yoast-seo-wordpress\/ -->\n<title>BOUGIE PARFUM\u00c9E - Anthema Spirits<\/title>\n<meta name=\"robots\" content=\"noindex, follow, max-snippet:-1, max-image-preview:large, max-video-preview:-1\" \/>\n<meta property=\"og:locale\" content=\"fr_FR\" \/>\n<meta property=\"og:type\" content=\"article\" \/>\n<meta property=\"og:title\" content=\"BOUGIE PARFUM\u00c9E - Anthema Spirits\" \/>\n<meta property=\"og:description\" content=\"Promenez-vous dans le parc du Ch\u00e2teau de Loubersan et sentez les roses et les p\u00eaches du jardin. Fabriqu\u00e9es \u00e0 partir de cire v\u00e9g\u00e9tale, les bougies con\u00e7ues par la Cirerie de Gascogne sont coul\u00e9es \u00e0 la main par un Artisan Cirier d&#039;Art. La m\u00e8che en coton assure une combustion lente et \u00e9quilibr\u00e9e pendant environ 40 heures.\" \/>\n<meta property=\"og:url\" content=\"https:\/\/anthemaspirits.com\/produit\/scented-candle\/\" \/>\n<meta property=\"og:site_name\" content=\"Anthema Spirits\" \/>\n<meta property=\"article:modified_time\" content=\"2025-06-19T12:12:30+00:00\" \/>\n<meta property=\"og:image\" content=\"https:\/\/anthemaspirits.com\/wp-content\/uploads\/image-6-1.png\" \/>\n\t<meta property=\"og:image:width\" content=\"360\" \/>\n\t<meta property=\"og:image:height\" content=\"372\" \/>\n\t<meta property=\"og:image:type\" content=\"image\/png\" \/>\n<meta name=\"twitter:card\" content=\"summary_large_image\" \/>\n<meta name=\"twitter:label1\" content=\"Dur\u00e9e de lecture estim\u00e9e\" \/>\n\t<meta name=\"twitter:data1\" content=\"1 minute\" \/>\n<script type=\"application\/ld+json\" class=\"yoast-schema-graph\">{\"@context\":\"https:\\\/\\\/schema.org\",\"@graph\":[{\"@type\":\"WebPage\",\"@id\":\"https:\\\/\\\/anthemaspirits.com\\\/produit\\\/scented-candle\\\/\",\"url\":\"https:\\\/\\\/anthemaspirits.com\\\/produit\\\/scented-candle\\\/\",\"name\":\"BOUGIE PARFUM\u00c9E - Anthema Spirits\",\"isPartOf\":{\"@id\":\"https:\\\/\\\/anthemaspirits.com\\\/#website\"},\"primaryImageOfPage\":{\"@id\":\"https:\\\/\\\/anthemaspirits.com\\\/produit\\\/scented-candle\\\/#primaryimage\"},\"image\":{\"@id\":\"https:\\\/\\\/anthemaspirits.com\\\/produit\\\/scented-candle\\\/#primaryimage\"},\"thumbnailUrl\":\"https:\\\/\\\/anthemaspirits.com\\\/wp-content\\\/uploads\\\/image-6-1.png\",\"datePublished\":\"2025-06-01T09:48:18+00:00\",\"dateModified\":\"2025-06-19T12:12:30+00:00\",\"breadcrumb\":{\"@id\":\"https:\\\/\\\/anthemaspirits.com\\\/produit\\\/scented-candle\\\/#breadcrumb\"},\"inLanguage\":\"fr-FR\",\"potentialAction\":[{\"@type\":\"ReadAction\",\"target\":[\"https:\\\/\\\/anthemaspirits.com\\\/produit\\\/scented-candle\\\/\"]}]},{\"@type\":\"ImageObject\",\"inLanguage\":\"fr-FR\",\"@id\":\"https:\\\/\\\/anthemaspirits.com\\\/produit\\\/scented-candle\\\/#primaryimage\",\"url\":\"https:\\\/\\\/anthemaspirits.com\\\/wp-content\\\/uploads\\\/image-6-1.png\",\"contentUrl\":\"https:\\\/\\\/anthemaspirits.com\\\/wp-content\\\/uploads\\\/image-6-1.png\",\"width\":360,\"height\":372},{\"@type\":\"BreadcrumbList\",\"@id\":\"https:\\\/\\\/anthemaspirits.com\\\/produit\\\/scented-candle\\\/#breadcrumb\",\"itemListElement\":[{\"@type\":\"ListItem\",\"position\":1,\"name\":\"Home\",\"item\":\"https:\\\/\\\/anthemaspirits.com\\\/fr\\\/\"},{\"@type\":\"ListItem\",\"position\":2,\"name\":\"CATALOGUE\",\"item\":\"https:\\\/\\\/anthemaspirits.com\\\/catalogue-2\\\/\"},{\"@type\":\"ListItem\",\"position\":3,\"name\":\"BOUGIE PARFUM\u00c9E\"}]},{\"@type\":\"WebSite\",\"@id\":\"https:\\\/\\\/anthemaspirits.com\\\/#website\",\"url\":\"https:\\\/\\\/anthemaspirits.com\\\/\",\"name\":\"Anthema Spirits\",\"description\":\"\",\"publisher\":{\"@id\":\"https:\\\/\\\/anthemaspirits.com\\\/#organization\"},\"potentialAction\":[{\"@type\":\"SearchAction\",\"target\":{\"@type\":\"EntryPoint\",\"urlTemplate\":\"https:\\\/\\\/anthemaspirits.com\\\/?s={search_term_string}\"},\"query-input\":{\"@type\":\"PropertyValueSpecification\",\"valueRequired\":true,\"valueName\":\"search_term_string\"}}],\"inLanguage\":\"fr-FR\"},{\"@type\":\"Organization\",\"@id\":\"https:\\\/\\\/anthemaspirits.com\\\/#organization\",\"name\":\"Anthema Spirits\",\"url\":\"https:\\\/\\\/anthemaspirits.com\\\/\",\"logo\":{\"@type\":\"ImageObject\",\"inLanguage\":\"fr-FR\",\"@id\":\"https:\\\/\\\/anthemaspirits.com\\\/#\\\/schema\\\/logo\\\/image\\\/\",\"url\":\"https:\\\/\\\/anthemaspirits.com\\\/wp-content\\\/uploads\\\/image-2-1.png\",\"contentUrl\":\"https:\\\/\\\/anthemaspirits.com\\\/wp-content\\\/uploads\\\/image-2-1.png\",\"width\":351,\"height\":495,\"caption\":\"Anthema Spirits\"},\"image\":{\"@id\":\"https:\\\/\\\/anthemaspirits.com\\\/#\\\/schema\\\/logo\\\/image\\\/\"}}]}<\/script>\n<!-- \/ Yoast SEO plugin. -->","yoast_head_json":{"title":"BOUGIE PARFUM\u00c9E - Anthema Spirits","robots":{"index":"noindex","follow":"follow","max-snippet":"max-snippet:-1","max-image-preview":"max-image-preview:large","max-video-preview":"max-video-preview:-1"},"og_locale":"fr_FR","og_type":"article","og_title":"BOUGIE PARFUM\u00c9E - Anthema Spirits","og_description":"Promenez-vous dans le parc du Ch\u00e2teau de Loubersan et sentez les roses et les p\u00eaches du jardin. Fabriqu\u00e9es \u00e0 partir de cire v\u00e9g\u00e9tale, les bougies con\u00e7ues par la Cirerie de Gascogne sont coul\u00e9es \u00e0 la main par un Artisan Cirier d'Art. La m\u00e8che en coton assure une combustion lente et \u00e9quilibr\u00e9e pendant environ 40 heures.","og_url":"https:\/\/anthemaspirits.com\/produit\/scented-candle\/","og_site_name":"Anthema Spirits","article_modified_time":"2025-06-19T12:12:30+00:00","og_image":[{"width":360,"height":372,"url":"https:\/\/anthemaspirits.com\/wp-content\/uploads\/image-6-1.png","type":"image\/png"}],"twitter_card":"summary_large_image","twitter_misc":{"Dur\u00e9e de lecture estim\u00e9e":"1 minute"},"schema":{"@context":"https:\/\/schema.org","@graph":[{"@type":"WebPage","@id":"https:\/\/anthemaspirits.com\/produit\/scented-candle\/","url":"https:\/\/anthemaspirits.com\/produit\/scented-candle\/","name":"BOUGIE PARFUM\u00c9E - Anthema Spirits","isPartOf":{"@id":"https:\/\/anthemaspirits.com\/#website"},"primaryImageOfPage":{"@id":"https:\/\/anthemaspirits.com\/produit\/scented-candle\/#primaryimage"},"image":{"@id":"https:\/\/anthemaspirits.com\/produit\/scented-candle\/#primaryimage"},"thumbnailUrl":"https:\/\/anthemaspirits.com\/wp-content\/uploads\/image-6-1.png","datePublished":"2025-06-01T09:48:18+00:00","dateModified":"2025-06-19T12:12:30+00:00","breadcrumb":{"@id":"https:\/\/anthemaspirits.com\/produit\/scented-candle\/#breadcrumb"},"inLanguage":"fr-FR","potentialAction":[{"@type":"ReadAction","target":["https:\/\/anthemaspirits.com\/produit\/scented-candle\/"]}]},{"@type":"ImageObject","inLanguage":"fr-FR","@id":"https:\/\/anthemaspirits.com\/produit\/scented-candle\/#primaryimage","url":"https:\/\/anthemaspirits.com\/wp-content\/uploads\/image-6-1.png","contentUrl":"https:\/\/anthemaspirits.com\/wp-content\/uploads\/image-6-1.png","width":360,"height":372},{"@type":"BreadcrumbList","@id":"https:\/\/anthemaspirits.com\/produit\/scented-candle\/#breadcrumb","itemListElement":[{"@type":"ListItem","position":1,"name":"Home","item":"https:\/\/anthemaspirits.com\/fr\/"},{"@type":"ListItem","position":2,"name":"CATALOGUE","item":"https:\/\/anthemaspirits.com\/catalogue-2\/"},{"@type":"ListItem","position":3,"name":"BOUGIE PARFUM\u00c9E"}]},{"@type":"WebSite","@id":"https:\/\/anthemaspirits.com\/#website","url":"https:\/\/anthemaspirits.com\/","name":"Anthema Spirits","description":"","publisher":{"@id":"https:\/\/anthemaspirits.com\/#organization"},"potentialAction":[{"@type":"SearchAction","target":{"@type":"EntryPoint","urlTemplate":"https:\/\/anthemaspirits.com\/?s={search_term_string}"},"query-input":{"@type":"PropertyValueSpecification","valueRequired":true,"valueName":"search_term_string"}}],"inLanguage":"fr-FR"},{"@type":"Organization","@id":"https:\/\/anthemaspirits.com\/#organization","name":"Anthema Spirits","url":"https:\/\/anthemaspirits.com\/","logo":{"@type":"ImageObject","inLanguage":"fr-FR","@id":"https:\/\/anthemaspirits.com\/#\/schema\/logo\/image\/","url":"https:\/\/anthemaspirits.com\/wp-content\/uploads\/image-2-1.png","contentUrl":"https:\/\/anthemaspirits.com\/wp-content\/uploads\/image-2-1.png","width":351,"height":495,"caption":"Anthema Spirits"},"image":{"@id":"https:\/\/anthemaspirits.com\/#\/schema\/logo\/image\/"}}]}},"_links":{"self":[{"href":"https:\/\/anthemaspirits.com\/fr\/wp-json\/wp\/v2\/product\/13652","targetHints":{"allow":["GET"]}}],"collection":[{"href":"https:\/\/anthemaspirits.com\/fr\/wp-json\/wp\/v2\/product"}],"about":[{"href":"https:\/\/anthemaspirits.com\/fr\/wp-json\/wp\/v2\/types\/product"}],"replies":[{"embeddable":true,"href":"https:\/\/anthemaspirits.com\/fr\/wp-json\/wp\/v2\/comments?post=13652"}],"wp:featuredmedia":[{"embeddable":true,"href":"https:\/\/anthemaspirits.com\/fr\/wp-json\/wp\/v2\/media\/13655"}],"wp:attachment":[{"href":"https:\/\/anthemaspirits.com\/fr\/wp-json\/wp\/v2\/media?parent=13652"}],"wp:term":[{"taxonomy":"product_brand","embeddable":true,"href":"https:\/\/anthemaspirits.com\/fr\/wp-json\/wp\/v2\/product_brand?post=13652"},{"taxonomy":"product_cat","embeddable":true,"href":"https:\/\/anthemaspirits.com\/fr\/wp-json\/wp\/v2\/product_cat?post=13652"},{"taxonomy":"product_tag","embeddable":true,"href":"https:\/\/anthemaspirits.com\/fr\/wp-json\/wp\/v2\/product_tag?post=13652"}],"curies":[{"name":"wp","href":"https:\/\/api.w.org\/{rel}","templated":true}]}}